{"id":34657,"date":"2026-04-05T10:35:48","date_gmt":"2026-04-05T13:35:48","guid":{"rendered":"https:\/\/saltacom.com\/index.php\/producto\/switch-mikrotik-rb260gs-5gb-eth-smart-1sfp-s-f\/"},"modified":"2026-04-06T01:15:27","modified_gmt":"2026-04-06T04:15:27","slug":"switch-mikrotik-rb260gs-5gb-eth-smart-1sfp-s-f","status":"publish","type":"product","link":"https:\/\/saltacom.com\/index.php\/producto\/switch-mikrotik-rb260gs-5gb-eth-smart-1sfp-s-f\/","title":{"rendered":"SWITCH MIKROTIK RB260GS 5GB ETH SMART +1SFP     S\/F"},"content":{"rendered":"<p>El RB260GS es un peque\u00f1o conmutador SOHO. Tiene cinco puertos Gigabit Ethernet y una caja SFP alimentada por un chip de conmutador Atheros.Probado y recomendado para usar con los m\u00f3dulos MikroTik SFP: S-85DLC05D, S-31DLC20D y S-35\/53LC20D (no incluidos)Est\u00e1 alimentado por un sistema operativo dise\u00f1ado espec\u00edficamente para los productos MikroTik Switch: SwOS.SwOS es configurable desde su navegador web. Le brinda toda la funcionalidad b\u00e1sica para un conmutador administrado, y m\u00e1s: permite administrar el reenv\u00edo de puerto a puerto, aplicar el filtro MAC, configurar VLAN, duplicar el tr\u00e1fico, aplicar limitaci\u00f3n de ancho de banda e incluso ajustar algunos campos de encabezado MAC e IP.CAJA X 20u<\/p>\n","protected":false},"excerpt":{"rendered":"<p><strong>Marca:<\/strong> MIKROTIK<\/p>\n","protected":false},"featured_media":34658,"template":"","meta":[],"product_brand":[],"product_cat":[155,159],"product_tag":[],"class_list":{"0":"post-34657","1":"product","2":"type-product","3":"status-publish","4":"has-post-thumbnail","6":"product_cat-msn","7":"product_cat-mikrotik","9":"first","10":"onbackorder","11":"shipping-taxable","12":"purchasable","13":"product-type-simple"},"_links":{"self":[{"href":"https:\/\/saltacom.com\/index.php\/wp-json\/wp\/v2\/product\/34657","targetHints":{"allow":["GET"]}}],"collection":[{"href":"https:\/\/saltacom.com\/index.php\/wp-json\/wp\/v2\/product"}],"about":[{"href":"https:\/\/saltacom.com\/index.php\/wp-json\/wp\/v2\/types\/product"}],"version-history":[{"count":0,"href":"https:\/\/saltacom.com\/index.php\/wp-json\/wp\/v2\/product\/34657\/revisions"}],"wp:featuredmedia":[{"embeddable":true,"href":"https:\/\/saltacom.com\/index.php\/wp-json\/wp\/v2\/media\/34658"}],"wp:attachment":[{"href":"https:\/\/saltacom.com\/index.php\/wp-json\/wp\/v2\/media?parent=34657"}],"wp:term":[{"taxonomy":"product_brand","embeddable":true,"href":"https:\/\/saltacom.com\/index.php\/wp-json\/wp\/v2\/product_brand?post=34657"},{"taxonomy":"product_cat","embeddable":true,"href":"https:\/\/saltacom.com\/index.php\/wp-json\/wp\/v2\/product_cat?post=34657"},{"taxonomy":"product_tag","embeddable":true,"href":"https:\/\/saltacom.com\/index.php\/wp-json\/wp\/v2\/product_tag?post=34657"}],"curies":[{"name":"wp","href":"https:\/\/api.w.org\/{rel}","templated":true}]}}