{"id":34659,"date":"2026-04-05T10:35:49","date_gmt":"2026-04-05T13:35:49","guid":{"rendered":"https:\/\/saltacom.com\/index.php\/producto\/switch-mikrotik-326-24g-2srm-24eth-2spf-s-f\/"},"modified":"2026-04-06T01:15:27","modified_gmt":"2026-04-06T04:15:27","slug":"switch-mikrotik-326-24g-2srm-24eth-2spf-s-f","status":"publish","type":"product","link":"https:\/\/saltacom.com\/index.php\/producto\/switch-mikrotik-326-24g-2srm-24eth-2spf-s-f\/","title":{"rendered":"SWITCH MIKROTIK 326-24G-2S+RM 24ETH 2SPF+          S\/F"},"content":{"rendered":"<p>Cloud Smart Switch 326-24G-2S+RM es un conmutador Gigabit Ethernet de 24 puertos alimentado por SwOS con dos puertos SFP+ en una carcasa de montaje en rack de 1U que proporciona conectividad a velocidad de cable con varias funciones de conmutaci\u00f3n nuevas.Le brinda toda la funcionalidad b\u00e1sica para un conmutador administrado, y m\u00e1s: permite administrar el reenv\u00edo de puerto a puerto, aplicar el filtro MAC, configurar VLAN, duplicar el tr\u00e1fico, aplicar limitaci\u00f3n de ancho de banda e incluso ajustar algunos campos de encabezado MAC e IP. La caja SFP admite m\u00f3dulos SFP de 1,25 Gb y SFP+ de 10 Gb.CAJA X 10u<\/p>\n","protected":false},"excerpt":{"rendered":"<p><strong>Marca:<\/strong> MIKROTIK<\/p>\n","protected":false},"featured_media":34660,"template":"","meta":[],"product_brand":[],"product_cat":[155,159],"product_tag":[],"class_list":{"0":"post-34659","1":"product","2":"type-product","3":"status-publish","4":"has-post-thumbnail","6":"product_cat-msn","7":"product_cat-mikrotik","9":"first","10":"onbackorder","11":"shipping-taxable","12":"purchasable","13":"product-type-simple"},"_links":{"self":[{"href":"https:\/\/saltacom.com\/index.php\/wp-json\/wp\/v2\/product\/34659","targetHints":{"allow":["GET"]}}],"collection":[{"href":"https:\/\/saltacom.com\/index.php\/wp-json\/wp\/v2\/product"}],"about":[{"href":"https:\/\/saltacom.com\/index.php\/wp-json\/wp\/v2\/types\/product"}],"version-history":[{"count":0,"href":"https:\/\/saltacom.com\/index.php\/wp-json\/wp\/v2\/product\/34659\/revisions"}],"wp:featuredmedia":[{"embeddable":true,"href":"https:\/\/saltacom.com\/index.php\/wp-json\/wp\/v2\/media\/34660"}],"wp:attachment":[{"href":"https:\/\/saltacom.com\/index.php\/wp-json\/wp\/v2\/media?parent=34659"}],"wp:term":[{"taxonomy":"product_brand","embeddable":true,"href":"https:\/\/saltacom.com\/index.php\/wp-json\/wp\/v2\/product_brand?post=34659"},{"taxonomy":"product_cat","embeddable":true,"href":"https:\/\/saltacom.com\/index.php\/wp-json\/wp\/v2\/product_cat?post=34659"},{"taxonomy":"product_tag","embeddable":true,"href":"https:\/\/saltacom.com\/index.php\/wp-json\/wp\/v2\/product_tag?post=34659"}],"curies":[{"name":"wp","href":"https:\/\/api.w.org\/{rel}","templated":true}]}}