{"id":34670,"date":"2026-04-05T10:36:14","date_gmt":"2026-04-05T13:36:14","guid":{"rendered":"https:\/\/saltacom.com\/index.php\/producto\/rb-mikrotik-l009uigs-rm-8g-eth-1-sfp-25g-fuente-in\/"},"modified":"2026-04-06T01:15:27","modified_gmt":"2026-04-06T04:15:27","slug":"rb-mikrotik-l009uigs-rm-8g-eth-1-sfp-25g-fuente-in","status":"publish","type":"product","link":"https:\/\/saltacom.com\/index.php\/producto\/rb-mikrotik-l009uigs-rm-8g-eth-1-sfp-25g-fuente-in\/","title":{"rendered":"RB MIKROTIK L009UiGS-RM  8G ETH 1 SFP 2,5G FUENTE\/IN"},"content":{"rendered":"<p>L009 es m\u00e1s que un simple router. Esta l\u00ednea de productos es hasta 4 veces m\u00e1s r\u00e1pida que RB2011, tiene una CPU ARM moderna con soporte para contenedores, un gabinete innovador que permite montar hasta cuatro routers en un solo espacio de 1U, m\u00e1s memoria RAM, PoE y soporte para SFP de 2.5G. Esta versi\u00f3n viene con accesorios para montaje en rack de 1U.<\/p>\n","protected":false},"excerpt":{"rendered":"<p><strong>Marca:<\/strong> MIKROTIK<\/p>\n","protected":false},"featured_media":34671,"template":"","meta":[],"product_brand":[],"product_cat":[155,159],"product_tag":[],"class_list":{"0":"post-34670","1":"product","2":"type-product","3":"status-publish","4":"has-post-thumbnail","6":"product_cat-msn","7":"product_cat-mikrotik","9":"first","10":"onbackorder","11":"shipping-taxable","12":"purchasable","13":"product-type-simple"},"_links":{"self":[{"href":"https:\/\/saltacom.com\/index.php\/wp-json\/wp\/v2\/product\/34670","targetHints":{"allow":["GET"]}}],"collection":[{"href":"https:\/\/saltacom.com\/index.php\/wp-json\/wp\/v2\/product"}],"about":[{"href":"https:\/\/saltacom.com\/index.php\/wp-json\/wp\/v2\/types\/product"}],"version-history":[{"count":0,"href":"https:\/\/saltacom.com\/index.php\/wp-json\/wp\/v2\/product\/34670\/revisions"}],"wp:featuredmedia":[{"embeddable":true,"href":"https:\/\/saltacom.com\/index.php\/wp-json\/wp\/v2\/media\/34671"}],"wp:attachment":[{"href":"https:\/\/saltacom.com\/index.php\/wp-json\/wp\/v2\/media?parent=34670"}],"wp:term":[{"taxonomy":"product_brand","embeddable":true,"href":"https:\/\/saltacom.com\/index.php\/wp-json\/wp\/v2\/product_brand?post=34670"},{"taxonomy":"product_cat","embeddable":true,"href":"https:\/\/saltacom.com\/index.php\/wp-json\/wp\/v2\/product_cat?post=34670"},{"taxonomy":"product_tag","embeddable":true,"href":"https:\/\/saltacom.com\/index.php\/wp-json\/wp\/v2\/product_tag?post=34670"}],"curies":[{"name":"wp","href":"https:\/\/api.w.org\/{rel}","templated":true}]}}