{"id":34688,"date":"2026-04-05T10:36:38","date_gmt":"2026-04-05T13:36:38","guid":{"rendered":"https:\/\/saltacom.com\/index.php\/producto\/rb-mikrotik-750gr3-5-eth-gigabit-lvl-4-c-case-s-f\/"},"modified":"2026-04-07T01:15:30","modified_gmt":"2026-04-07T04:15:30","slug":"rb-mikrotik-750gr3-5-eth-gigabit-lvl-4-c-case-s-f","status":"publish","type":"product","link":"https:\/\/saltacom.com\/index.php\/producto\/rb-mikrotik-750gr3-5-eth-gigabit-lvl-4-c-case-s-f\/","title":{"rendered":"RB MIKROTIK 750GR3 5 ETH GIGABIT LVL 4 C\/CASE   S\/F"},"content":{"rendered":"<p>hEX es un enrutador Gigabit Ethernet de cinco puertos para ubicaciones donde no se requiere conectividad inal\u00e1mbrica. El dispositivo tiene un puerto USB de tama\u00f1o completo. Esta nueva revisi\u00f3n actualizada del hEX trae varias mejoras en el rendimiento.Es asequible, peque\u00f1o y f\u00e1cil de usar, pero al mismo tiempo viene con una CPU de doble n\u00facleo de 880 MHz muy potente y 256 MB de RAM, capaz de todas las configuraciones avanzadas que admite RouterOS.Se admite el cifrado de hardware IPsec (- 470 Mbps) y el paquete de servidor The Dude, la ranura microSD proporciona una velocidad de lectura y escritura mejorada para el almacenamiento de archivos y Dude.CAJA X 20u<\/p>\n","protected":false},"excerpt":{"rendered":"<p><strong>Marca:<\/strong> MIKROTIK<\/p>\n","protected":false},"featured_media":34689,"template":"","meta":[],"product_brand":[],"product_cat":[155,159],"product_tag":[],"class_list":{"0":"post-34688","1":"product","2":"type-product","3":"status-publish","4":"has-post-thumbnail","6":"product_cat-msn","7":"product_cat-mikrotik","9":"first","10":"onbackorder","11":"shipping-taxable","12":"purchasable","13":"product-type-simple"},"_links":{"self":[{"href":"https:\/\/saltacom.com\/index.php\/wp-json\/wp\/v2\/product\/34688","targetHints":{"allow":["GET"]}}],"collection":[{"href":"https:\/\/saltacom.com\/index.php\/wp-json\/wp\/v2\/product"}],"about":[{"href":"https:\/\/saltacom.com\/index.php\/wp-json\/wp\/v2\/types\/product"}],"version-history":[{"count":0,"href":"https:\/\/saltacom.com\/index.php\/wp-json\/wp\/v2\/product\/34688\/revisions"}],"wp:featuredmedia":[{"embeddable":true,"href":"https:\/\/saltacom.com\/index.php\/wp-json\/wp\/v2\/media\/34689"}],"wp:attachment":[{"href":"https:\/\/saltacom.com\/index.php\/wp-json\/wp\/v2\/media?parent=34688"}],"wp:term":[{"taxonomy":"product_brand","embeddable":true,"href":"https:\/\/saltacom.com\/index.php\/wp-json\/wp\/v2\/product_brand?post=34688"},{"taxonomy":"product_cat","embeddable":true,"href":"https:\/\/saltacom.com\/index.php\/wp-json\/wp\/v2\/product_cat?post=34688"},{"taxonomy":"product_tag","embeddable":true,"href":"https:\/\/saltacom.com\/index.php\/wp-json\/wp\/v2\/product_tag?post=34688"}],"curies":[{"name":"wp","href":"https:\/\/api.w.org\/{rel}","templated":true}]}}