{"id":34694,"date":"2026-04-05T10:36:41","date_gmt":"2026-04-05T13:36:41","guid":{"rendered":"https:\/\/saltacom.com\/index.php\/producto\/rb-mikrotik-941-2nd-o-tc-haplite-4eth-l4-160mw-f-inc\/"},"modified":"2026-04-07T01:15:30","modified_gmt":"2026-04-07T04:15:30","slug":"rb-mikrotik-941-2nd-o-tc-haplite-4eth-l4-160mw-f-inc","status":"publish","type":"product","link":"https:\/\/saltacom.com\/index.php\/producto\/rb-mikrotik-941-2nd-o-tc-haplite-4eth-l4-160mw-f-inc\/","title":{"rendered":"RB MIKROTIK 941-2nD O TC HAPLITE 4ETH L4 160MW F\/INC"},"content":{"rendered":"<p>El Home Access Point lite (hAP lite) es un peque\u00f1o dispositivo ideal para su apartamento, casa u oficina.Es compatible con WPS activado por bot\u00f3n, para la conveniencia de no escribir una contrase\u00f1a complicada cuando alguien quiere tener acceso inal\u00e1mbrico a Internet, y tambi\u00e9n se le puede indicar que cambie al modo cAP y se una a una red administrada centralmente CAPsMAN con solo presionar un bot\u00f3n.Por supuesto, el dispositivo ejecuta RouterOS con todas las funciones, configuraci\u00f3n de ancho de banda, firewall, control de acceso de usuarios y muchas otras.El hAP lite est\u00e1 equipado con una potente CPU de 650 MHz, 32 MB de RAM, conexi\u00f3n inal\u00e1mbrica integrada de doble cadena de 2,4 GHz, cuatro puertos Fast Ethernet y una licencia RouterOS L4.<\/p>\n","protected":false},"excerpt":{"rendered":"<p><strong>Marca:<\/strong> MIKROTIK<\/p>\n","protected":false},"featured_media":34695,"template":"","meta":[],"product_brand":[],"product_cat":[155,159],"product_tag":[],"class_list":{"0":"post-34694","1":"product","2":"type-product","3":"status-publish","4":"has-post-thumbnail","6":"product_cat-msn","7":"product_cat-mikrotik","9":"first","10":"onbackorder","11":"shipping-taxable","12":"purchasable","13":"product-type-simple"},"_links":{"self":[{"href":"https:\/\/saltacom.com\/index.php\/wp-json\/wp\/v2\/product\/34694","targetHints":{"allow":["GET"]}}],"collection":[{"href":"https:\/\/saltacom.com\/index.php\/wp-json\/wp\/v2\/product"}],"about":[{"href":"https:\/\/saltacom.com\/index.php\/wp-json\/wp\/v2\/types\/product"}],"version-history":[{"count":0,"href":"https:\/\/saltacom.com\/index.php\/wp-json\/wp\/v2\/product\/34694\/revisions"}],"wp:featuredmedia":[{"embeddable":true,"href":"https:\/\/saltacom.com\/index.php\/wp-json\/wp\/v2\/media\/34695"}],"wp:attachment":[{"href":"https:\/\/saltacom.com\/index.php\/wp-json\/wp\/v2\/media?parent=34694"}],"wp:term":[{"taxonomy":"product_brand","embeddable":true,"href":"https:\/\/saltacom.com\/index.php\/wp-json\/wp\/v2\/product_brand?post=34694"},{"taxonomy":"product_cat","embeddable":true,"href":"https:\/\/saltacom.com\/index.php\/wp-json\/wp\/v2\/product_cat?post=34694"},{"taxonomy":"product_tag","embeddable":true,"href":"https:\/\/saltacom.com\/index.php\/wp-json\/wp\/v2\/product_tag?post=34694"}],"curies":[{"name":"wp","href":"https:\/\/api.w.org\/{rel}","templated":true}]}}