{"id":34719,"date":"2026-04-05T10:36:55","date_gmt":"2026-04-05T13:36:55","guid":{"rendered":"https:\/\/saltacom.com\/index.php\/producto\/sfp-mikrotik-rj45-sfp-10m-100m-1000m-2-5g-5g-10g\/"},"modified":"2026-04-06T01:15:30","modified_gmt":"2026-04-06T04:15:30","slug":"sfp-mikrotik-rj45-sfp-10m-100m-1000m-2-5g-5g-10g","status":"publish","type":"product","link":"https:\/\/saltacom.com\/index.php\/producto\/sfp-mikrotik-rj45-sfp-10m-100m-1000m-2-5g-5g-10g\/","title":{"rendered":"SFP MIKROTIK RJ45 SFP+ 10M\/100M\/1000M\/2.5G\/5G\/10G"},"content":{"rendered":"<p>Este m\u00f3dulo \u00fanico abre todo un mundo de posibilidades de conectividad de alta velocidad, ofreciendo velocidades de hasta 10 Gbps sobre cables de par trenzado habituales en sus productos existentes que tienen puertos SFP+. Cualquier dispositivo MikroTik con enfriamiento activo que tenga puertos SFP+ ahora se puede usar sin instalar ninguna fibra \u00f3ptica, solo conecte el S+RJ10 y su red se puede actualizar a 10 Gbps, dej\u00e1ndola lista para la pr\u00f3xima generaci\u00f3n de hardware RJ45.El m\u00f3dulo S+RJ10 tambi\u00e9n es compatible con dispositivos con enfriamiento pasivo, pero puede requerir un enfriamiento adicional.La \u00faltima revisi\u00f3n de S+RJ10 contiene \u00ab\/r2\u00bb al final del n\u00famero de serie. Viene con las siguientes mejoras:- Las tramas gigantes de hasta 10218 bytes ahora son compatibles con velocidades de 2,5 Gbps, 5 Gbps y 10 Gbps;- El informe de velocidad de enlace es fijo: se muestra la velocidad de enlace real en el men\u00fa de la interfaz. Anteriormente, las velocidades de enlace de 100M\/1G\/2.5G\/5G no se informaban correctamente;- El monitoreo DDM (voltaje de suministro, temperatura del m\u00f3dulo) ahora es compatible.<\/p>\n","protected":false},"excerpt":{"rendered":"<p><strong>Marca:<\/strong> MIKROTIK<\/p>\n","protected":false},"featured_media":34720,"template":"","meta":[],"product_brand":[],"product_cat":[155,165,159],"product_tag":[],"class_list":{"0":"post-34719","1":"product","2":"type-product","3":"status-publish","4":"has-post-thumbnail","6":"product_cat-msn","7":"product_cat-fibra","8":"product_cat-mikrotik","10":"first","11":"onbackorder","12":"shipping-taxable","13":"purchasable","14":"product-type-simple"},"_links":{"self":[{"href":"https:\/\/saltacom.com\/index.php\/wp-json\/wp\/v2\/product\/34719","targetHints":{"allow":["GET"]}}],"collection":[{"href":"https:\/\/saltacom.com\/index.php\/wp-json\/wp\/v2\/product"}],"about":[{"href":"https:\/\/saltacom.com\/index.php\/wp-json\/wp\/v2\/types\/product"}],"version-history":[{"count":0,"href":"https:\/\/saltacom.com\/index.php\/wp-json\/wp\/v2\/product\/34719\/revisions"}],"wp:featuredmedia":[{"embeddable":true,"href":"https:\/\/saltacom.com\/index.php\/wp-json\/wp\/v2\/media\/34720"}],"wp:attachment":[{"href":"https:\/\/saltacom.com\/index.php\/wp-json\/wp\/v2\/media?parent=34719"}],"wp:term":[{"taxonomy":"product_brand","embeddable":true,"href":"https:\/\/saltacom.com\/index.php\/wp-json\/wp\/v2\/product_brand?post=34719"},{"taxonomy":"product_cat","embeddable":true,"href":"https:\/\/saltacom.com\/index.php\/wp-json\/wp\/v2\/product_cat?post=34719"},{"taxonomy":"product_tag","embeddable":true,"href":"https:\/\/saltacom.com\/index.php\/wp-json\/wp\/v2\/product_tag?post=34719"}],"curies":[{"name":"wp","href":"https:\/\/api.w.org\/{rel}","templated":true}]}}