{"id":34728,"date":"2026-04-05T10:37:07","date_gmt":"2026-04-05T13:37:07","guid":{"rendered":"https:\/\/saltacom.com\/index.php\/producto\/ap-out-mikrotik-sxtsq-lite2-antena-10dbi-23a-2-4ghz\/"},"modified":"2026-04-06T01:15:31","modified_gmt":"2026-04-06T04:15:31","slug":"ap-out-mikrotik-sxtsq-lite2-antena-10dbi-23a-2-4ghz","status":"publish","type":"product","link":"https:\/\/saltacom.com\/index.php\/producto\/ap-out-mikrotik-sxtsq-lite2-antena-10dbi-23a-2-4ghz\/","title":{"rendered":"AP OUT.MIKROTIK SXTSQ LITE2 ANTENA 10DBI 23\u00c0\u00b0 2.4GHZ"},"content":{"rendered":"<p>l SXTsq Lite2 es un dispositivo inal\u00e1mbrico para exteriores compacto y liviano con una antena integrada. Perfecto para enlaces punto a punto o como unidad CPE. Es compacto, resistente a la intemperie y f\u00e1cil de montar.El SXTsq Lite2 conserva una antena de 10 dBi como el SXT Lite2, nuestro modelo anterior, pero el dise\u00f1o de la antena se ha mejorado y el tama\u00f1o f\u00edsico se ha reducido dr\u00e1sticamente: el SXTsq es dos veces m\u00e1s delgado.<\/p>\n","protected":false},"excerpt":{"rendered":"<p><strong>Marca:<\/strong> MIKROTIK<\/p>\n","protected":false},"featured_media":0,"template":"","meta":[],"product_brand":[],"product_cat":[155,159],"product_tag":[],"class_list":{"0":"post-34728","1":"product","2":"type-product","3":"status-publish","5":"product_cat-msn","6":"product_cat-mikrotik","8":"first","9":"onbackorder","10":"shipping-taxable","11":"purchasable","12":"product-type-simple"},"_links":{"self":[{"href":"https:\/\/saltacom.com\/index.php\/wp-json\/wp\/v2\/product\/34728","targetHints":{"allow":["GET"]}}],"collection":[{"href":"https:\/\/saltacom.com\/index.php\/wp-json\/wp\/v2\/product"}],"about":[{"href":"https:\/\/saltacom.com\/index.php\/wp-json\/wp\/v2\/types\/product"}],"version-history":[{"count":0,"href":"https:\/\/saltacom.com\/index.php\/wp-json\/wp\/v2\/product\/34728\/revisions"}],"wp:attachment":[{"href":"https:\/\/saltacom.com\/index.php\/wp-json\/wp\/v2\/media?parent=34728"}],"wp:term":[{"taxonomy":"product_brand","embeddable":true,"href":"https:\/\/saltacom.com\/index.php\/wp-json\/wp\/v2\/product_brand?post=34728"},{"taxonomy":"product_cat","embeddable":true,"href":"https:\/\/saltacom.com\/index.php\/wp-json\/wp\/v2\/product_cat?post=34728"},{"taxonomy":"product_tag","embeddable":true,"href":"https:\/\/saltacom.com\/index.php\/wp-json\/wp\/v2\/product_tag?post=34728"}],"curies":[{"name":"wp","href":"https:\/\/api.w.org\/{rel}","templated":true}]}}