{"id":34729,"date":"2026-04-05T10:37:08","date_gmt":"2026-04-05T13:37:08","guid":{"rendered":"https:\/\/saltacom.com\/index.php\/producto\/ap-out-mikrotik-sxtsq-lite5-antena-16dbi-23a-5ghz-s-f\/"},"modified":"2026-04-06T01:15:31","modified_gmt":"2026-04-06T04:15:31","slug":"ap-out-mikrotik-sxtsq-lite5-antena-16dbi-23a-5ghz-s-f","status":"publish","type":"product","link":"https:\/\/saltacom.com\/index.php\/producto\/ap-out-mikrotik-sxtsq-lite5-antena-16dbi-23a-5ghz-s-f\/","title":{"rendered":"AP OUT.MIKROTIK SXTSQ LITE5 ANTENA 16DBI 23\u00c0\u00b0 5GHZ    S\/F"},"content":{"rendered":"<p>El SXTsq Lite5 es un dispositivo inal\u00e1mbrico para exteriores compacto y liviano con una antena integrada. Perfecto para enlaces punto a punto de hasta 12 kil\u00f3metros o como unidad CPE. Es compacto, resistente a la intemperie y f\u00e1cil de montar<\/p>\n","protected":false},"excerpt":{"rendered":"<p><strong>Marca:<\/strong> MIKROTIK<\/p>\n","protected":false},"featured_media":0,"template":"","meta":[],"product_brand":[],"product_cat":[155,159],"product_tag":[],"class_list":{"0":"post-34729","1":"product","2":"type-product","3":"status-publish","5":"product_cat-msn","6":"product_cat-mikrotik","8":"first","9":"onbackorder","10":"shipping-taxable","11":"purchasable","12":"product-type-simple"},"_links":{"self":[{"href":"https:\/\/saltacom.com\/index.php\/wp-json\/wp\/v2\/product\/34729","targetHints":{"allow":["GET"]}}],"collection":[{"href":"https:\/\/saltacom.com\/index.php\/wp-json\/wp\/v2\/product"}],"about":[{"href":"https:\/\/saltacom.com\/index.php\/wp-json\/wp\/v2\/types\/product"}],"version-history":[{"count":0,"href":"https:\/\/saltacom.com\/index.php\/wp-json\/wp\/v2\/product\/34729\/revisions"}],"wp:attachment":[{"href":"https:\/\/saltacom.com\/index.php\/wp-json\/wp\/v2\/media?parent=34729"}],"wp:term":[{"taxonomy":"product_brand","embeddable":true,"href":"https:\/\/saltacom.com\/index.php\/wp-json\/wp\/v2\/product_brand?post=34729"},{"taxonomy":"product_cat","embeddable":true,"href":"https:\/\/saltacom.com\/index.php\/wp-json\/wp\/v2\/product_cat?post=34729"},{"taxonomy":"product_tag","embeddable":true,"href":"https:\/\/saltacom.com\/index.php\/wp-json\/wp\/v2\/product_tag?post=34729"}],"curies":[{"name":"wp","href":"https:\/\/api.w.org\/{rel}","templated":true}]}}