{"id":34736,"date":"2026-04-05T10:37:45","date_gmt":"2026-04-05T13:37:45","guid":{"rendered":"https:\/\/saltacom.com\/index.php\/producto\/tp-link-router-wifi-doble-banda-ax3000-w6-4ant\/"},"modified":"2026-04-07T01:15:33","modified_gmt":"2026-04-07T04:15:33","slug":"tp-link-router-wifi-doble-banda-ax3000-w6-4ant","status":"publish","type":"product","link":"https:\/\/saltacom.com\/index.php\/producto\/tp-link-router-wifi-doble-banda-ax3000-w6-4ant\/","title":{"rendered":"TP LINK ROUTER WIFI DOBLE BANDA AX3000 W6 (4ANT)"},"content":{"rendered":"<p>Archer AX55Router AX3000 Gigabit Wi-Fi 6 doble bandaLa pr\u00f3xima generaci\u00f3n: Wi-Fi 6 Gigabit\u20142402 Mbps en 5 GHz y 574 Mbps en la banda de 2,4 GHz garantizan una transmisi\u00f3n m\u00e1s fluida y descargas m\u00e1s r\u00e1pidas.Conecte m\u00e1s dispositivos\u2014la tecnolog\u00eda OFDMA aumenta 4 veces la capacidad para permitir la transmisi\u00f3n simult\u00e1nea a m\u00e1s dispositivos.Latencia ultra-baja\u2014permite juegos y videollamadas con mayor capacidad de respuesta.Cobertura Wi-Fi ampliada\u2014cuatro antenas externas de alta ganancia y tecnolog\u00eda Beamforming se combinan para extender Wi-Fi fuerte y confiable en toda su casa.TP-Link HomeShield\u2014seguridad mejorada que defiende contra las \u00faltimas amenazas cibern\u00e9ticas.Duraci\u00f3n mejorada de la bater\u00eda\u2014Target Wake Time ayuda a sus dispositivos a comunicarse m\u00e1s mientras consumen menos energ\u00eda.Compatible con Alexa\u2014controle su router a trav\u00e9s de comandos de voz y haga su vida m\u00e1s inteligente y m\u00e1s f\u00e1cil con Amazon Alexa.CAJA X 10u<\/p>\n","protected":false},"excerpt":{"rendered":"<p><strong>Marca:<\/strong> TP LINK<\/p>\n","protected":false},"featured_media":0,"template":"","meta":[],"product_brand":[],"product_cat":[155,158],"product_tag":[],"class_list":{"0":"post-34736","1":"product","2":"type-product","3":"status-publish","5":"product_cat-msn","6":"product_cat-tp-link","8":"first","9":"onbackorder","10":"shipping-taxable","11":"purchasable","12":"product-type-simple"},"_links":{"self":[{"href":"https:\/\/saltacom.com\/index.php\/wp-json\/wp\/v2\/product\/34736","targetHints":{"allow":["GET"]}}],"collection":[{"href":"https:\/\/saltacom.com\/index.php\/wp-json\/wp\/v2\/product"}],"about":[{"href":"https:\/\/saltacom.com\/index.php\/wp-json\/wp\/v2\/types\/product"}],"version-history":[{"count":0,"href":"https:\/\/saltacom.com\/index.php\/wp-json\/wp\/v2\/product\/34736\/revisions"}],"wp:attachment":[{"href":"https:\/\/saltacom.com\/index.php\/wp-json\/wp\/v2\/media?parent=34736"}],"wp:term":[{"taxonomy":"product_brand","embeddable":true,"href":"https:\/\/saltacom.com\/index.php\/wp-json\/wp\/v2\/product_brand?post=34736"},{"taxonomy":"product_cat","embeddable":true,"href":"https:\/\/saltacom.com\/index.php\/wp-json\/wp\/v2\/product_cat?post=34736"},{"taxonomy":"product_tag","embeddable":true,"href":"https:\/\/saltacom.com\/index.php\/wp-json\/wp\/v2\/product_tag?post=34736"}],"curies":[{"name":"wp","href":"https:\/\/api.w.org\/{rel}","templated":true}]}}