{"id":34737,"date":"2026-04-05T10:37:46","date_gmt":"2026-04-05T13:37:46","guid":{"rendered":"https:\/\/saltacom.com\/index.php\/producto\/tp-link-router-wifi-doble-b-ax3000-w64ant-24g\/"},"modified":"2026-04-07T01:15:33","modified_gmt":"2026-04-07T04:15:33","slug":"tp-link-router-wifi-doble-b-ax3000-w64ant-24g","status":"publish","type":"product","link":"https:\/\/saltacom.com\/index.php\/producto\/tp-link-router-wifi-doble-b-ax3000-w64ant-24g\/","title":{"rendered":"TP LINK ROUTER WIFI DOBLE B AX3000 W6(4ANT) 2,4G"},"content":{"rendered":"<p>Archer AX55 ProRouter Wi-Fi 6 AX3000 Multi-Gigabit con puerto 2.5GWi-Fi Dual-Band AX3000 m\u00e1s r\u00e1pido: Wi-Fi hasta 3.0 Gbps (2402 Mbps + 574 Mbps) para b\u00fasquedas m\u00e1s r\u00e1pidas, streaming y descargas, todo al mismo tiempo.Puerto 2.5G Multi-Gigabit: 1 puerto 2.5 Gbps WAN\/LAN + 1 puerto 1 Gbps WAN\/LAN  + 3 puertos Gigabit LAN ports + 1 puerto USB 3.0 para asegurar la m\u00e1xima flexibilidad y aumento de rendimiento.Cobertura maximizada: 4 antenas de alta ganancia equipadas con Beamforming garantizan una amplia cobertura.Conecta m\u00e1s dispositivos: La tecnolog\u00eda OFDMA incrementa la capacidad 4 veces para habilitar transmisiones simult\u00e1neas para m\u00e1s dispositivos.\u2021Soporte para VPN Client: Permite a los dispositivos en tu red hogare\u00f1a acceder a servidores VPN remotos sin la necesidad de instalar un software VPN en todos los dispositivo.TP-Link HomeShield: Seguridad mejorada que protege contra las amenazas cibern\u00e9ticas m\u00e1s recientes.?Soporta TP-Link OneMesh: Cree WiFi para todo el hogar de manera flexible con Archer AX55 Pro agregando un extensor compatible con OneMesh. Compatible con Alexa: Controla tu router mediante comandos de voz y hace tu vida m\u00e1s inteligente y sencilla con Amazon Alexa.<\/p>\n","protected":false},"excerpt":{"rendered":"<p><strong>Marca:<\/strong> TP LINK<\/p>\n","protected":false},"featured_media":0,"template":"","meta":[],"product_brand":[],"product_cat":[155,158],"product_tag":[],"class_list":{"0":"post-34737","1":"product","2":"type-product","3":"status-publish","5":"product_cat-msn","6":"product_cat-tp-link","8":"first","9":"onbackorder","10":"shipping-taxable","11":"purchasable","12":"product-type-simple"},"_links":{"self":[{"href":"https:\/\/saltacom.com\/index.php\/wp-json\/wp\/v2\/product\/34737","targetHints":{"allow":["GET"]}}],"collection":[{"href":"https:\/\/saltacom.com\/index.php\/wp-json\/wp\/v2\/product"}],"about":[{"href":"https:\/\/saltacom.com\/index.php\/wp-json\/wp\/v2\/types\/product"}],"version-history":[{"count":0,"href":"https:\/\/saltacom.com\/index.php\/wp-json\/wp\/v2\/product\/34737\/revisions"}],"wp:attachment":[{"href":"https:\/\/saltacom.com\/index.php\/wp-json\/wp\/v2\/media?parent=34737"}],"wp:term":[{"taxonomy":"product_brand","embeddable":true,"href":"https:\/\/saltacom.com\/index.php\/wp-json\/wp\/v2\/product_brand?post=34737"},{"taxonomy":"product_cat","embeddable":true,"href":"https:\/\/saltacom.com\/index.php\/wp-json\/wp\/v2\/product_cat?post=34737"},{"taxonomy":"product_tag","embeddable":true,"href":"https:\/\/saltacom.com\/index.php\/wp-json\/wp\/v2\/product_tag?post=34737"}],"curies":[{"name":"wp","href":"https:\/\/api.w.org\/{rel}","templated":true}]}}