{"id":34739,"date":"2026-04-05T10:37:49","date_gmt":"2026-04-05T13:37:49","guid":{"rendered":"https:\/\/saltacom.com\/index.php\/producto\/tp-link-router-wifi-doble-banda-ac12004ant\/"},"modified":"2026-04-07T01:15:33","modified_gmt":"2026-04-07T04:15:33","slug":"tp-link-router-wifi-doble-banda-ac12004ant","status":"publish","type":"product","link":"https:\/\/saltacom.com\/index.php\/producto\/tp-link-router-wifi-doble-banda-ac12004ant\/","title":{"rendered":"TP LINK ROUTER WIFI DOBLE BANDA AC1200(4ANT)"},"content":{"rendered":"<p>Archer C64AC1200 Wireless MU-MIMO WiFi RouterWi-Fi 802.11ac Wave2: 867 Mbps en la banda de 5 GHz y 400 Mbps en la banda de 2,4 GHz\u2020Cobertura Wi-Fi mejorada: 4 antenas brindan conexiones inal\u00e1mbricas estables y una cobertura \u00f3ptimaMU-MIMO : administraci\u00f3n de red f\u00e1cil al alcance de su mano con TP-Link TetherMU-MIMO logra una eficiencia 2X al comunicarse con hasta 2 dispositivos a la vez\u2021Beamforming : la tecnolog\u00eda Beamforming ofrece una conexi\u00f3n inal\u00e1mbrica altamente eficienteModo AP : admite el modo de punto de acceso para crear un nuevo punto de acceso WiFiConexi\u00f3n inteligente: Smart Connect dirige a los clientes a la banda menos congestionada y Airtime Fairness optimiza el uso del tiempoF\u00e1cil configuraci\u00f3n: administraci\u00f3n de red f\u00e1cil al alcance de su mano con TP-Link Tether<\/p>\n","protected":false},"excerpt":{"rendered":"<p><strong>Marca:<\/strong> TP LINK<\/p>\n","protected":false},"featured_media":0,"template":"","meta":[],"product_brand":[],"product_cat":[155,158],"product_tag":[],"class_list":{"0":"post-34739","1":"product","2":"type-product","3":"status-publish","5":"product_cat-msn","6":"product_cat-tp-link","8":"first","9":"onbackorder","10":"shipping-taxable","11":"purchasable","12":"product-type-simple"},"_links":{"self":[{"href":"https:\/\/saltacom.com\/index.php\/wp-json\/wp\/v2\/product\/34739","targetHints":{"allow":["GET"]}}],"collection":[{"href":"https:\/\/saltacom.com\/index.php\/wp-json\/wp\/v2\/product"}],"about":[{"href":"https:\/\/saltacom.com\/index.php\/wp-json\/wp\/v2\/types\/product"}],"version-history":[{"count":0,"href":"https:\/\/saltacom.com\/index.php\/wp-json\/wp\/v2\/product\/34739\/revisions"}],"wp:attachment":[{"href":"https:\/\/saltacom.com\/index.php\/wp-json\/wp\/v2\/media?parent=34739"}],"wp:term":[{"taxonomy":"product_brand","embeddable":true,"href":"https:\/\/saltacom.com\/index.php\/wp-json\/wp\/v2\/product_brand?post=34739"},{"taxonomy":"product_cat","embeddable":true,"href":"https:\/\/saltacom.com\/index.php\/wp-json\/wp\/v2\/product_cat?post=34739"},{"taxonomy":"product_tag","embeddable":true,"href":"https:\/\/saltacom.com\/index.php\/wp-json\/wp\/v2\/product_tag?post=34739"}],"curies":[{"name":"wp","href":"https:\/\/api.w.org\/{rel}","templated":true}]}}