{"id":34740,"date":"2026-04-05T10:37:50","date_gmt":"2026-04-05T13:37:50","guid":{"rendered":"https:\/\/saltacom.com\/index.php\/producto\/tp-link-router-wifi-doble-banda-ac1900-4ant\/"},"modified":"2026-04-09T01:16:04","modified_gmt":"2026-04-09T04:16:04","slug":"tp-link-router-wifi-doble-banda-ac1900-4ant","status":"publish","type":"product","link":"https:\/\/saltacom.com\/index.php\/producto\/tp-link-router-wifi-doble-banda-ac1900-4ant\/","title":{"rendered":"TP LINK ROUTER WIFI DOBLE BANDA AC1900 (4ANT)"},"content":{"rendered":"<p>Archer C80Router Inal\u00e1mbrico MU-MIMO Inal\u00e1mbrico AC1900Wi-Fi 802.11ac Wave2 \u2013 1300 Mbps en la banda de 5 GHz y 600 Mbps en la banda de 2.4 GHzTecnolog\u00eda 3 \u00d7 3 MIMO \u2013 transmite y recibe datos en tres transmisiones para emparejarse sin problemas.Mayor cobertura de Wi-Fi \u2013 la tecnolog\u00eda Beamforming ofrece una conexi\u00f3n inal\u00e1mbrica altamente eficiente.MU-MIMO \u2013 para ayudar a tus dispositivos a lograr un rendimiento \u00f3ptimo al hacer que la comunicaci\u00f3n sea m\u00e1s eficiente.Gesti\u00f3n personalizada \u2013 las funciones avanzadas como el Control parental, la Red de invitados y el Control de acceso proporcionan herramientas individualizadas para la gesti\u00f3n de la red.Conexi\u00f3n inteligente \u2013 Smart Connect dirige a los clientes a la banda menos congestionada y Airtime Fairness optimiza el uso del tiempo.CAJA X 10u<\/p>\n","protected":false},"excerpt":{"rendered":"<p><strong>Marca:<\/strong> TP LINK<\/p>\n","protected":false},"featured_media":0,"template":"","meta":[],"product_brand":[],"product_cat":[155,158],"product_tag":[],"class_list":{"0":"post-34740","1":"product","2":"type-product","3":"status-publish","5":"product_cat-msn","6":"product_cat-tp-link","8":"first","9":"onbackorder","10":"shipping-taxable","11":"purchasable","12":"product-type-simple"},"_links":{"self":[{"href":"https:\/\/saltacom.com\/index.php\/wp-json\/wp\/v2\/product\/34740","targetHints":{"allow":["GET"]}}],"collection":[{"href":"https:\/\/saltacom.com\/index.php\/wp-json\/wp\/v2\/product"}],"about":[{"href":"https:\/\/saltacom.com\/index.php\/wp-json\/wp\/v2\/types\/product"}],"version-history":[{"count":0,"href":"https:\/\/saltacom.com\/index.php\/wp-json\/wp\/v2\/product\/34740\/revisions"}],"wp:attachment":[{"href":"https:\/\/saltacom.com\/index.php\/wp-json\/wp\/v2\/media?parent=34740"}],"wp:term":[{"taxonomy":"product_brand","embeddable":true,"href":"https:\/\/saltacom.com\/index.php\/wp-json\/wp\/v2\/product_brand?post=34740"},{"taxonomy":"product_cat","embeddable":true,"href":"https:\/\/saltacom.com\/index.php\/wp-json\/wp\/v2\/product_cat?post=34740"},{"taxonomy":"product_tag","embeddable":true,"href":"https:\/\/saltacom.com\/index.php\/wp-json\/wp\/v2\/product_tag?post=34740"}],"curies":[{"name":"wp","href":"https:\/\/api.w.org\/{rel}","templated":true}]}}