{"id":34742,"date":"2026-04-05T10:37:51","date_gmt":"2026-04-05T13:37:51","guid":{"rendered":"https:\/\/saltacom.com\/index.php\/producto\/placa-red-tp-link-adaptador-pci-express-inalambrico-dual-b\/"},"modified":"2026-04-07T01:15:34","modified_gmt":"2026-04-07T04:15:34","slug":"placa-red-tp-link-adaptador-pci-express-inalambrico-dual-b","status":"publish","type":"product","link":"https:\/\/saltacom.com\/index.php\/producto\/placa-red-tp-link-adaptador-pci-express-inalambrico-dual-b\/","title":{"rendered":"PLACA RED TP LINK ADAPTADOR PCI EXPRESS INALAMBRICO DUAL\/B"},"content":{"rendered":"<p>WiFi de doble banda AC600: aproveche al m\u00e1ximo su red con velocidades de Wi-Fi de hasta 600 Mbps (433 Mbps en la banda de 5 GHz y 200 Mbps en la banda de 2,4 GHz)Compatible con MU-MIMO: aumente el rendimiento y la eficiencia de la red cuando se trabaja con un enrutador MU-MIMO compatibleAmplio rango inal\u00e1mbrico: con\u00e9ctese a su Wi-Fi en m\u00e1s partes de su hogar con una potente antena de alta ganancia que aumenta la se\u00f1alCompatible con WPA3: mejore la ciberseguridad con una protecci\u00f3n m\u00e1s segura e individualizadaSoportes de bajo perfil y altura completa: las opciones personalizadas le brindan la flexibilidad de encontrar un soporte que se adapte perfectamente al dise\u00f1o de su tabla<\/p>\n","protected":false},"excerpt":{"rendered":"<p><strong>Marca:<\/strong> TP LINK<\/p>\n","protected":false},"featured_media":0,"template":"","meta":[],"product_brand":[],"product_cat":[155,158],"product_tag":[],"class_list":{"0":"post-34742","1":"product","2":"type-product","3":"status-publish","5":"product_cat-msn","6":"product_cat-tp-link","8":"first","9":"onbackorder","10":"shipping-taxable","11":"purchasable","12":"product-type-simple"},"_links":{"self":[{"href":"https:\/\/saltacom.com\/index.php\/wp-json\/wp\/v2\/product\/34742","targetHints":{"allow":["GET"]}}],"collection":[{"href":"https:\/\/saltacom.com\/index.php\/wp-json\/wp\/v2\/product"}],"about":[{"href":"https:\/\/saltacom.com\/index.php\/wp-json\/wp\/v2\/types\/product"}],"version-history":[{"count":0,"href":"https:\/\/saltacom.com\/index.php\/wp-json\/wp\/v2\/product\/34742\/revisions"}],"wp:attachment":[{"href":"https:\/\/saltacom.com\/index.php\/wp-json\/wp\/v2\/media?parent=34742"}],"wp:term":[{"taxonomy":"product_brand","embeddable":true,"href":"https:\/\/saltacom.com\/index.php\/wp-json\/wp\/v2\/product_brand?post=34742"},{"taxonomy":"product_cat","embeddable":true,"href":"https:\/\/saltacom.com\/index.php\/wp-json\/wp\/v2\/product_cat?post=34742"},{"taxonomy":"product_tag","embeddable":true,"href":"https:\/\/saltacom.com\/index.php\/wp-json\/wp\/v2\/product_tag?post=34742"}],"curies":[{"name":"wp","href":"https:\/\/api.w.org\/{rel}","templated":true}]}}