{"id":34743,"date":"2026-04-05T10:37:52","date_gmt":"2026-04-05T13:37:52","guid":{"rendered":"https:\/\/saltacom.com\/index.php\/producto\/placa-red-tp-link-adaptador-usb-inalamb-mini-ac600\/"},"modified":"2026-04-07T01:15:34","modified_gmt":"2026-04-07T04:15:34","slug":"placa-red-tp-link-adaptador-usb-inalamb-mini-ac600","status":"publish","type":"product","link":"https:\/\/saltacom.com\/index.php\/producto\/placa-red-tp-link-adaptador-usb-inalamb-mini-ac600\/","title":{"rendered":"PLACA RED TP LINK ADAPTADOR USB INALAMB. MINI AC600"},"content":{"rendered":"<p>Velocidad inal\u00e1mbrica ultra-r\u00e1pida de 600 (433 + 150) Mbps con 802.11acUna peque\u00f1a manera de conseguir conexiones Wi-Fi r\u00e1pidas de nueva generaci\u00f3nConexiones de banda dual para la transmisi\u00f3n de v\u00eddeo de alta definici\u00f3n sin demoras y juegosSeguridad avanzada: Soporta 64\/128 WEP, WPA, WPA2\/WPA-PSK\/WPA2-PSK (TKIP\/AES)Soporta Windows 10\/8.1\/8\/7\/XP, Mac OS X 10.7-10.11 y Linux<\/p>\n","protected":false},"excerpt":{"rendered":"<p><strong>Marca:<\/strong> TP LINK<\/p>\n","protected":false},"featured_media":0,"template":"","meta":[],"product_brand":[],"product_cat":[155,158],"product_tag":[],"class_list":{"0":"post-34743","1":"product","2":"type-product","3":"status-publish","5":"product_cat-msn","6":"product_cat-tp-link","8":"first","9":"onbackorder","10":"shipping-taxable","11":"purchasable","12":"product-type-simple"},"_links":{"self":[{"href":"https:\/\/saltacom.com\/index.php\/wp-json\/wp\/v2\/product\/34743","targetHints":{"allow":["GET"]}}],"collection":[{"href":"https:\/\/saltacom.com\/index.php\/wp-json\/wp\/v2\/product"}],"about":[{"href":"https:\/\/saltacom.com\/index.php\/wp-json\/wp\/v2\/types\/product"}],"version-history":[{"count":0,"href":"https:\/\/saltacom.com\/index.php\/wp-json\/wp\/v2\/product\/34743\/revisions"}],"wp:attachment":[{"href":"https:\/\/saltacom.com\/index.php\/wp-json\/wp\/v2\/media?parent=34743"}],"wp:term":[{"taxonomy":"product_brand","embeddable":true,"href":"https:\/\/saltacom.com\/index.php\/wp-json\/wp\/v2\/product_brand?post=34743"},{"taxonomy":"product_cat","embeddable":true,"href":"https:\/\/saltacom.com\/index.php\/wp-json\/wp\/v2\/product_cat?post=34743"},{"taxonomy":"product_tag","embeddable":true,"href":"https:\/\/saltacom.com\/index.php\/wp-json\/wp\/v2\/product_tag?post=34743"}],"curies":[{"name":"wp","href":"https:\/\/api.w.org\/{rel}","templated":true}]}}