{"id":34744,"date":"2026-04-05T10:37:53","date_gmt":"2026-04-05T13:37:53","guid":{"rendered":"https:\/\/saltacom.com\/index.php\/producto\/placa-red-tp-link-adaptador-usb-inalamb-mini-ac1300\/"},"modified":"2026-04-06T01:15:33","modified_gmt":"2026-04-06T04:15:33","slug":"placa-red-tp-link-adaptador-usb-inalamb-mini-ac1300","status":"publish","type":"product","link":"https:\/\/saltacom.com\/index.php\/producto\/placa-red-tp-link-adaptador-usb-inalamb-mini-ac1300\/","title":{"rendered":"PLACA RED TP LINK ADAPTADOR USB INALAMB. MINI AC1300"},"content":{"rendered":"<p>Wi-Fi Ultra r\u00e1pido &#8211; AC1300 (400 Mpbs en banda 2.4GHz y 867 Mbps en banda 5GHz) conexi\u00f3n wifi r\u00e1pida con la siguiente generaci\u00f3n Wi-Fi &#8211; 802.11acDoble banda inal\u00e1mbrica &#8211; bandas 2.4GHz y 5GHz para conectividad flexibleDise\u00f1o mini &#8211; Tama\u00f1o mini dise\u00f1ado para f\u00e1cil portabilidad con alto rendimiento confiableSuper velocidad en puerto USB 3.0 &#8211; 10x transferencia m\u00e1s r\u00e1pida que el puerto USB 2.0MU-MIMO &#8211; Ofrece conexi\u00f3n inal\u00e1mbrica altamente eficienteSistemas operativos soportados &#8211; Soporta Windows 10 \/ 8.1 \/ 8\/7 \/ XP, Mac OS XCAJA X 60u<\/p>\n","protected":false},"excerpt":{"rendered":"<p><strong>Marca:<\/strong> TP LINK<\/p>\n","protected":false},"featured_media":0,"template":"","meta":[],"product_brand":[],"product_cat":[155,158],"product_tag":[],"class_list":{"0":"post-34744","1":"product","2":"type-product","3":"status-publish","5":"product_cat-msn","6":"product_cat-tp-link","8":"first","9":"onbackorder","10":"shipping-taxable","11":"purchasable","12":"product-type-simple"},"_links":{"self":[{"href":"https:\/\/saltacom.com\/index.php\/wp-json\/wp\/v2\/product\/34744","targetHints":{"allow":["GET"]}}],"collection":[{"href":"https:\/\/saltacom.com\/index.php\/wp-json\/wp\/v2\/product"}],"about":[{"href":"https:\/\/saltacom.com\/index.php\/wp-json\/wp\/v2\/types\/product"}],"version-history":[{"count":0,"href":"https:\/\/saltacom.com\/index.php\/wp-json\/wp\/v2\/product\/34744\/revisions"}],"wp:attachment":[{"href":"https:\/\/saltacom.com\/index.php\/wp-json\/wp\/v2\/media?parent=34744"}],"wp:term":[{"taxonomy":"product_brand","embeddable":true,"href":"https:\/\/saltacom.com\/index.php\/wp-json\/wp\/v2\/product_brand?post=34744"},{"taxonomy":"product_cat","embeddable":true,"href":"https:\/\/saltacom.com\/index.php\/wp-json\/wp\/v2\/product_cat?post=34744"},{"taxonomy":"product_tag","embeddable":true,"href":"https:\/\/saltacom.com\/index.php\/wp-json\/wp\/v2\/product_tag?post=34744"}],"curies":[{"name":"wp","href":"https:\/\/api.w.org\/{rel}","templated":true}]}}