{"id":34749,"date":"2026-04-05T10:37:56","date_gmt":"2026-04-05T13:37:56","guid":{"rendered":"https:\/\/saltacom.com\/index.php\/producto\/placa-red-tp-link-adaptador-usb-inalamb-nano-ac1300\/"},"modified":"2026-04-06T01:15:34","modified_gmt":"2026-04-06T04:15:34","slug":"placa-red-tp-link-adaptador-usb-inalamb-nano-ac1300","status":"publish","type":"product","link":"https:\/\/saltacom.com\/index.php\/producto\/placa-red-tp-link-adaptador-usb-inalamb-nano-ac1300\/","title":{"rendered":"PLACA RED TP LINK ADAPTADOR USB INALAMB. NANO AC1300"},"content":{"rendered":"<p>Archer T3U NanoAdaptador USB AC1300 Nano Wireless MU-MIMOM\u00e1xima velocidad Wi-Fi \u2013 Hasta 1300 Mbps de velocudad con 400 Mbps en 2.4GHz y 867 Mbps en 5GHz, actualiza sus dispositivos a velocidades Wi-Fi de AC m\u00e1s altas.Conexi\u00f3n doble banda \u2013 bandas de 2.4 GHz y 5 GHz para una conectividad flexible, permite que sus dispositivos funcionen con el \u00faltimo enrutador Wi-Fi de doble banda para una velocidad m\u00e1s r\u00e1pida y un rango extendido.Tecnolog\u00eda MU-MIMO  \u2013 Ofrece una conexi\u00f3n inal\u00e1mbrica altamente eficienteDise\u00f1o Nano \u2013 El dise\u00f1o peque\u00f1o y discreto le permite enchufarlo y olvidar que est\u00e1 all\u00ed.Sistemas compatibles \u2013 Soporta Windows 11\/10\/8.1\/8\/7, Mac OS 10.15 y anteriores<\/p>\n","protected":false},"excerpt":{"rendered":"<p><strong>Marca:<\/strong> TP LINK<\/p>\n","protected":false},"featured_media":34750,"template":"","meta":[],"product_brand":[],"product_cat":[155,158],"product_tag":[],"class_list":{"0":"post-34749","1":"product","2":"type-product","3":"status-publish","4":"has-post-thumbnail","6":"product_cat-msn","7":"product_cat-tp-link","9":"first","10":"onbackorder","11":"shipping-taxable","12":"purchasable","13":"product-type-simple"},"_links":{"self":[{"href":"https:\/\/saltacom.com\/index.php\/wp-json\/wp\/v2\/product\/34749","targetHints":{"allow":["GET"]}}],"collection":[{"href":"https:\/\/saltacom.com\/index.php\/wp-json\/wp\/v2\/product"}],"about":[{"href":"https:\/\/saltacom.com\/index.php\/wp-json\/wp\/v2\/types\/product"}],"version-history":[{"count":0,"href":"https:\/\/saltacom.com\/index.php\/wp-json\/wp\/v2\/product\/34749\/revisions"}],"wp:featuredmedia":[{"embeddable":true,"href":"https:\/\/saltacom.com\/index.php\/wp-json\/wp\/v2\/media\/34750"}],"wp:attachment":[{"href":"https:\/\/saltacom.com\/index.php\/wp-json\/wp\/v2\/media?parent=34749"}],"wp:term":[{"taxonomy":"product_brand","embeddable":true,"href":"https:\/\/saltacom.com\/index.php\/wp-json\/wp\/v2\/product_brand?post=34749"},{"taxonomy":"product_cat","embeddable":true,"href":"https:\/\/saltacom.com\/index.php\/wp-json\/wp\/v2\/product_cat?post=34749"},{"taxonomy":"product_tag","embeddable":true,"href":"https:\/\/saltacom.com\/index.php\/wp-json\/wp\/v2\/product_tag?post=34749"}],"curies":[{"name":"wp","href":"https:\/\/api.w.org\/{rel}","templated":true}]}}