{"id":34751,"date":"2026-04-05T10:37:57","date_gmt":"2026-04-05T13:37:57","guid":{"rendered":"https:\/\/saltacom.com\/index.php\/producto\/placa-red-tp-link-adaptador-usb-wifi-alta-ganancia-ax1800\/"},"modified":"2026-04-06T01:15:34","modified_gmt":"2026-04-06T04:15:34","slug":"placa-red-tp-link-adaptador-usb-wifi-alta-ganancia-ax1800","status":"publish","type":"product","link":"https:\/\/saltacom.com\/index.php\/producto\/placa-red-tp-link-adaptador-usb-wifi-alta-ganancia-ax1800\/","title":{"rendered":"PLACA RED TP LINK ADAPTADOR USB WIFI ALTA GANANCIA AX1800"},"content":{"rendered":"<p>AX1800 Adaptador USB inal\u00e1mbrico Wi-Fi 6 de doble bandaWiFi r\u00e1pido 6 &#8211; Rompe la barrera del gigabit con velocidades de hasta 1201 Mbps (5 GHz) + 574 Mbps (2,4 GHz).Inal\u00e1mbrico de doble banda: bandas de 2,4 GHz y 5 GHz para una conectividad flexible.Cobertura m\u00e1s amplia &#8211; Con\u00e9ctate a tu WiFi desde cualquier lugar de tu casa con antenas de alto rendimiento y Beamforming.Jugabilidad de menor latencia &#8211; OFDMA y MU-MIMO garantizan la conexi\u00f3n WiFi m\u00e1s eficiente para su PC.Seguridad mejorada &#8211; WPA3 proporciona las \u00faltimas mejoras de seguridad para la protecci\u00f3n de contrase\u00f1as personales.SuperSpeed USB 3.0 &#8211; Velocidades de transferencia hasta 10 veces m\u00e1s r\u00e1pidas que USB 2.0<\/p>\n","protected":false},"excerpt":{"rendered":"<p><strong>Marca:<\/strong> TP LINK<\/p>\n","protected":false},"featured_media":34752,"template":"","meta":[],"product_brand":[],"product_cat":[155,158],"product_tag":[],"class_list":{"0":"post-34751","1":"product","2":"type-product","3":"status-publish","4":"has-post-thumbnail","6":"product_cat-msn","7":"product_cat-tp-link","9":"first","10":"onbackorder","11":"shipping-taxable","12":"purchasable","13":"product-type-simple"},"_links":{"self":[{"href":"https:\/\/saltacom.com\/index.php\/wp-json\/wp\/v2\/product\/34751","targetHints":{"allow":["GET"]}}],"collection":[{"href":"https:\/\/saltacom.com\/index.php\/wp-json\/wp\/v2\/product"}],"about":[{"href":"https:\/\/saltacom.com\/index.php\/wp-json\/wp\/v2\/types\/product"}],"version-history":[{"count":0,"href":"https:\/\/saltacom.com\/index.php\/wp-json\/wp\/v2\/product\/34751\/revisions"}],"wp:featuredmedia":[{"embeddable":true,"href":"https:\/\/saltacom.com\/index.php\/wp-json\/wp\/v2\/media\/34752"}],"wp:attachment":[{"href":"https:\/\/saltacom.com\/index.php\/wp-json\/wp\/v2\/media?parent=34751"}],"wp:term":[{"taxonomy":"product_brand","embeddable":true,"href":"https:\/\/saltacom.com\/index.php\/wp-json\/wp\/v2\/product_brand?post=34751"},{"taxonomy":"product_cat","embeddable":true,"href":"https:\/\/saltacom.com\/index.php\/wp-json\/wp\/v2\/product_cat?post=34751"},{"taxonomy":"product_tag","embeddable":true,"href":"https:\/\/saltacom.com\/index.php\/wp-json\/wp\/v2\/product_tag?post=34751"}],"curies":[{"name":"wp","href":"https:\/\/api.w.org\/{rel}","templated":true}]}}