{"id":34755,"date":"2026-04-05T10:38:04","date_gmt":"2026-04-05T13:38:04","guid":{"rendered":"https:\/\/saltacom.com\/index.php\/producto\/antena-tp-link-cpe-outdoor-n300-5-8ghz-13dbi-mimo-2x2\/"},"modified":"2026-04-06T01:15:34","modified_gmt":"2026-04-06T04:15:34","slug":"antena-tp-link-cpe-outdoor-n300-5-8ghz-13dbi-mimo-2x2","status":"publish","type":"product","link":"https:\/\/saltacom.com\/index.php\/producto\/antena-tp-link-cpe-outdoor-n300-5-8ghz-13dbi-mimo-2x2\/","title":{"rendered":"ANTENA TP LINK CPE OUTDOOR N300 5.8GHZ 13DBI MIMO 2X2"},"content":{"rendered":"<p>CPE de Exterior de 13dBi en 5GHz a 300MbpsAntena MIMO direccional de doble polarizaci\u00f3n incorporada de 13 dBi y 2x2Potencia de transmisi\u00f3n ajustable de 0 a 26 dBm\/200 mWOptimizaciones a nivel de sistema para transmisiones inal\u00e1mbricas de largo alcance de m\u00e1s de 15 kmLa tecnolog\u00eda TDMA (Acceso M\u00faltiple por Divisi\u00f3n de Tiempo) TP-LINK Pharos MAXtream mejora el rendimiento del producto en t\u00e9rminos de velocidad, capacidad y latencia, siendo ideal para aplicaciones PTMPSistema de Gesti\u00f3n Centralizada: Pharos ControlModos de operaci\u00f3n: Punto de Acceso \/ Cliente \/ Router Punto de Acceso \/ Router Cliente Punto de Acceso (WISP)El Adaptador Passive PoE admite despliegue de Power over Ethernet de hasta 60 metros (200 pies) y permite reiniciar el dispositivo de forma remota<\/p>\n","protected":false},"excerpt":{"rendered":"<p><strong>Marca:<\/strong> TP LINK<\/p>\n","protected":false},"featured_media":34756,"template":"","meta":[],"product_brand":[],"product_cat":[155,158],"product_tag":[],"class_list":{"0":"post-34755","1":"product","2":"type-product","3":"status-publish","4":"has-post-thumbnail","6":"product_cat-msn","7":"product_cat-tp-link","9":"first","10":"onbackorder","11":"shipping-taxable","12":"purchasable","13":"product-type-simple"},"_links":{"self":[{"href":"https:\/\/saltacom.com\/index.php\/wp-json\/wp\/v2\/product\/34755","targetHints":{"allow":["GET"]}}],"collection":[{"href":"https:\/\/saltacom.com\/index.php\/wp-json\/wp\/v2\/product"}],"about":[{"href":"https:\/\/saltacom.com\/index.php\/wp-json\/wp\/v2\/types\/product"}],"version-history":[{"count":0,"href":"https:\/\/saltacom.com\/index.php\/wp-json\/wp\/v2\/product\/34755\/revisions"}],"wp:featuredmedia":[{"embeddable":true,"href":"https:\/\/saltacom.com\/index.php\/wp-json\/wp\/v2\/media\/34756"}],"wp:attachment":[{"href":"https:\/\/saltacom.com\/index.php\/wp-json\/wp\/v2\/media?parent=34755"}],"wp:term":[{"taxonomy":"product_brand","embeddable":true,"href":"https:\/\/saltacom.com\/index.php\/wp-json\/wp\/v2\/product_brand?post=34755"},{"taxonomy":"product_cat","embeddable":true,"href":"https:\/\/saltacom.com\/index.php\/wp-json\/wp\/v2\/product_cat?post=34755"},{"taxonomy":"product_tag","embeddable":true,"href":"https:\/\/saltacom.com\/index.php\/wp-json\/wp\/v2\/product_tag?post=34755"}],"curies":[{"name":"wp","href":"https:\/\/api.w.org\/{rel}","templated":true}]}}