{"id":34757,"date":"2026-04-05T10:38:05","date_gmt":"2026-04-05T13:38:05","guid":{"rendered":"https:\/\/saltacom.com\/index.php\/producto\/antena-tp-link-cpe-outdoor-5ghz-ac-867mbps-23dbi\/"},"modified":"2026-04-06T01:15:34","modified_gmt":"2026-04-06T04:15:34","slug":"antena-tp-link-cpe-outdoor-5ghz-ac-867mbps-23dbi","status":"publish","type":"product","link":"https:\/\/saltacom.com\/index.php\/producto\/antena-tp-link-cpe-outdoor-5ghz-ac-867mbps-23dbi\/","title":{"rendered":"ANTENA TP LINK CPE OUTDOOR 5GHZ AC 867MBPS 23DBI"},"content":{"rendered":"<p>\u2022 802.11ac hasta 867 Mbps en 5 GHz\u2022 23dBi direccional de alta ganancia MIMO 2 \u00d7 2, ideal para aplicaciones de larga distancia\u2022 Excelente directividad del haz, latencia mejorada y cancelaci\u00f3n de ruido\u2022 Las innovadoras piezas de cierre r\u00e1pido permiten un ensamblaje r\u00e1pido y un dise\u00f1o estructural robusto que mantiene la CPE710 estable incluso con vientos fuertes.\u2022 El gabinete resistente a la intemperie IP65 junto con ESD de 15kV y protecci\u00f3n contra rayos de 6kV garantiza la idoneidad para todo clima\u2022 Pharos Control ofrece a los administradores un sistema de gesti\u00f3n centralizado gratuito\u2022 Soporte pasivo de PoE para permitir una implementaci\u00f3n flexible y una instalaci\u00f3n conveniente<\/p>\n","protected":false},"excerpt":{"rendered":"<p><strong>Marca:<\/strong> TP LINK<\/p>\n","protected":false},"featured_media":34758,"template":"","meta":[],"product_brand":[],"product_cat":[155,158],"product_tag":[],"class_list":{"0":"post-34757","1":"product","2":"type-product","3":"status-publish","4":"has-post-thumbnail","6":"product_cat-msn","7":"product_cat-tp-link","9":"first","10":"onbackorder","11":"shipping-taxable","12":"purchasable","13":"product-type-simple"},"_links":{"self":[{"href":"https:\/\/saltacom.com\/index.php\/wp-json\/wp\/v2\/product\/34757","targetHints":{"allow":["GET"]}}],"collection":[{"href":"https:\/\/saltacom.com\/index.php\/wp-json\/wp\/v2\/product"}],"about":[{"href":"https:\/\/saltacom.com\/index.php\/wp-json\/wp\/v2\/types\/product"}],"version-history":[{"count":0,"href":"https:\/\/saltacom.com\/index.php\/wp-json\/wp\/v2\/product\/34757\/revisions"}],"wp:featuredmedia":[{"embeddable":true,"href":"https:\/\/saltacom.com\/index.php\/wp-json\/wp\/v2\/media\/34758"}],"wp:attachment":[{"href":"https:\/\/saltacom.com\/index.php\/wp-json\/wp\/v2\/media?parent=34757"}],"wp:term":[{"taxonomy":"product_brand","embeddable":true,"href":"https:\/\/saltacom.com\/index.php\/wp-json\/wp\/v2\/product_brand?post=34757"},{"taxonomy":"product_cat","embeddable":true,"href":"https:\/\/saltacom.com\/index.php\/wp-json\/wp\/v2\/product_cat?post=34757"},{"taxonomy":"product_tag","embeddable":true,"href":"https:\/\/saltacom.com\/index.php\/wp-json\/wp\/v2\/product_tag?post=34757"}],"curies":[{"name":"wp","href":"https:\/\/api.w.org\/{rel}","templated":true}]}}