{"id":34763,"date":"2026-04-05T10:38:16","date_gmt":"2026-04-05T13:38:16","guid":{"rendered":"https:\/\/saltacom.com\/index.php\/producto\/tp-link-whole-home-mesh-wifi-system-ac1200-3pcs\/"},"modified":"2026-04-06T01:15:35","modified_gmt":"2026-04-06T04:15:35","slug":"tp-link-whole-home-mesh-wifi-system-ac1200-3pcs","status":"publish","type":"product","link":"https:\/\/saltacom.com\/index.php\/producto\/tp-link-whole-home-mesh-wifi-system-ac1200-3pcs\/","title":{"rendered":"TP LINK WHOLE-HOME MESH WiFi SYSTEM AC1200 3PCS"},"content":{"rendered":"<p>Deco M4(3-pack)Sistema de Wi-Fi en malla para toda la casa AC1200Deco utiliza un sistema de torres para lograr una cobertura de Wi-Fi sin interrupciones en todo el hogar: ??elimine las \u00e1reas de se\u00f1al d\u00e9bil de una vez por todas!Con la avanzada tecnolog\u00eda Deco Mesh, las torres trabajan en conjunto para formar una red unificada con un solo nombre de red. Los dispositivos cambian autom\u00e1ticamente entre Decos a medida que se desplaza por su hogar para obtener las velocidades m\u00e1s r\u00e1pidas posibles.Un paquete de dos Deco M4 ofrece Wi-Fi de gran conbertura. Y si eso no es suficiente, simplemente agregue m\u00e1s Decos a la red en cualquier momento para aumentar la cobertura.Deco M4 proporciona conexiones r\u00e1pidas y estables con velocidades de hasta 1167 Mbps y funciona con los principales proveedores de servicios de Internet (ISP).Deco puede manejar el tr\u00e1fico incluso desde las redes m\u00e1s ocupadas, proporcionando conexiones sin demora para hasta 100 dispositivos.El control parental limita el tiempo en l\u00ednea y bloquea los sitios web inapropiados de acuerdo con los perfiles \u00fanicos creados para cada miembro de la familia.La configuraci\u00f3n es m\u00e1s f\u00e1cil que nunca con la aplicaci\u00f3n Deco para guiarte en cada paso.<\/p>\n","protected":false},"excerpt":{"rendered":"<p><strong>Marca:<\/strong> TP LINK<\/p>\n","protected":false},"featured_media":0,"template":"","meta":[],"product_brand":[],"product_cat":[155,158],"product_tag":[],"class_list":{"0":"post-34763","1":"product","2":"type-product","3":"status-publish","5":"product_cat-msn","6":"product_cat-tp-link","8":"first","9":"onbackorder","10":"shipping-taxable","11":"purchasable","12":"product-type-simple"},"_links":{"self":[{"href":"https:\/\/saltacom.com\/index.php\/wp-json\/wp\/v2\/product\/34763","targetHints":{"allow":["GET"]}}],"collection":[{"href":"https:\/\/saltacom.com\/index.php\/wp-json\/wp\/v2\/product"}],"about":[{"href":"https:\/\/saltacom.com\/index.php\/wp-json\/wp\/v2\/types\/product"}],"version-history":[{"count":0,"href":"https:\/\/saltacom.com\/index.php\/wp-json\/wp\/v2\/product\/34763\/revisions"}],"wp:attachment":[{"href":"https:\/\/saltacom.com\/index.php\/wp-json\/wp\/v2\/media?parent=34763"}],"wp:term":[{"taxonomy":"product_brand","embeddable":true,"href":"https:\/\/saltacom.com\/index.php\/wp-json\/wp\/v2\/product_brand?post=34763"},{"taxonomy":"product_cat","embeddable":true,"href":"https:\/\/saltacom.com\/index.php\/wp-json\/wp\/v2\/product_cat?post=34763"},{"taxonomy":"product_tag","embeddable":true,"href":"https:\/\/saltacom.com\/index.php\/wp-json\/wp\/v2\/product_tag?post=34763"}],"curies":[{"name":"wp","href":"https:\/\/api.w.org\/{rel}","templated":true}]}}