{"id":34766,"date":"2026-04-05T10:38:18","date_gmt":"2026-04-05T13:38:18","guid":{"rendered":"https:\/\/saltacom.com\/index.php\/producto\/tp-link-whole-home-mesh-w6-1pcs-outdoor-indoor\/"},"modified":"2026-04-07T01:15:35","modified_gmt":"2026-04-07T04:15:35","slug":"tp-link-whole-home-mesh-w6-1pcs-outdoor-indoor","status":"publish","type":"product","link":"https:\/\/saltacom.com\/index.php\/producto\/tp-link-whole-home-mesh-w6-1pcs-outdoor-indoor\/","title":{"rendered":"TP LINK WHOLE-HOME MESH W6 1PCS OUTDOOR\/INDOOR"},"content":{"rendered":"<p>Deco X50-OutdoorAX3000 Outdoor Whole Home Mesh WiFi 6 UnitVelocidad Wi-Fi de 3000 Mbps &#8211; Disfruta viendo tus series favoritas en 4K con velocidades combinadas de hasta 3000 Mbps (574 Mbps en 2,4 GHz y 2402 Mbps en 5 GHz) \u2020M\u00faltiples opciones de montaje &#8211; Sobremesa, montaje de pared y montaje de posteTrabaja en exterior &#8211; Certificaci\u00f3n para agua y el polvo IP65Alimentaci\u00f3n a trav\u00e9s de Ethernet &#8211; Provee tanto informaci\u00f3n como potencia el\u00e9ctrica con un simple cableFull Gigabit Ethernet &#8211; 2 puertos Gigabit WAN\/LAN Ethernet proveen un s\u00f3lido acceso a internet a altas velocidades.?Funciona con todos los Deco &#8211; Compatible con cada modelo de Deco para formar una red Mesh.TP-Link HomeShield &#8211; Brinda protecci\u00f3n integral de la red, controles parentales robustos y en tiempo real.CAJA X 6u<\/p>\n","protected":false},"excerpt":{"rendered":"<p><strong>Marca:<\/strong> TP LINK<\/p>\n","protected":false},"featured_media":0,"template":"","meta":[],"product_brand":[],"product_cat":[155,158],"product_tag":[],"class_list":{"0":"post-34766","1":"product","2":"type-product","3":"status-publish","5":"product_cat-msn","6":"product_cat-tp-link","8":"first","9":"onbackorder","10":"shipping-taxable","11":"purchasable","12":"product-type-simple"},"_links":{"self":[{"href":"https:\/\/saltacom.com\/index.php\/wp-json\/wp\/v2\/product\/34766","targetHints":{"allow":["GET"]}}],"collection":[{"href":"https:\/\/saltacom.com\/index.php\/wp-json\/wp\/v2\/product"}],"about":[{"href":"https:\/\/saltacom.com\/index.php\/wp-json\/wp\/v2\/types\/product"}],"version-history":[{"count":0,"href":"https:\/\/saltacom.com\/index.php\/wp-json\/wp\/v2\/product\/34766\/revisions"}],"wp:attachment":[{"href":"https:\/\/saltacom.com\/index.php\/wp-json\/wp\/v2\/media?parent=34766"}],"wp:term":[{"taxonomy":"product_brand","embeddable":true,"href":"https:\/\/saltacom.com\/index.php\/wp-json\/wp\/v2\/product_brand?post=34766"},{"taxonomy":"product_cat","embeddable":true,"href":"https:\/\/saltacom.com\/index.php\/wp-json\/wp\/v2\/product_cat?post=34766"},{"taxonomy":"product_tag","embeddable":true,"href":"https:\/\/saltacom.com\/index.php\/wp-json\/wp\/v2\/product_tag?post=34766"}],"curies":[{"name":"wp","href":"https:\/\/api.w.org\/{rel}","templated":true}]}}