{"id":34769,"date":"2026-04-05T10:38:21","date_gmt":"2026-04-05T13:38:21","guid":{"rendered":"https:\/\/saltacom.com\/index.php\/producto\/tp-link-whole-home-mesh-wifi6-system-ax5400-3pcs\/"},"modified":"2026-04-06T01:15:36","modified_gmt":"2026-04-06T04:15:36","slug":"tp-link-whole-home-mesh-wifi6-system-ax5400-3pcs","status":"publish","type":"product","link":"https:\/\/saltacom.com\/index.php\/producto\/tp-link-whole-home-mesh-wifi6-system-ax5400-3pcs\/","title":{"rendered":"TP LINK WHOLE-HOME MESH WIFI6 SYSTEM AX5400 3PCS"},"content":{"rendered":"<p>Deco X60Sistema Wi-Fi 6 Mesh AI Doble Banda AX3000Alta Velocidad Doble Banda Wi-Fi 6. Alcanza velocidades de hasta 3.000 Mbps. 2.402 Mbps en 5GHz y 574 Mbps en 2.4GHz.Conecta hasta 150 dispositivos. Las tecnolog\u00edas OFDMA y MU-MIMO multiplican por 4 la capacidad de transmisi\u00f3n simult\u00e1nea a dispositivos.Amplia Cobertura sin cortes. La tecnolog\u00eda Wi-Fi 6 de Deco permite llevar se\u00f1al de internet fuerte y estable a todos los rincones de la casa.Latencia ultrabaja. Reduce al m\u00ednimo el tiempo de respuesta de los dispositivos. Ideal para Gaming y video llamadas.Red \u00fanica Wi-Fi Mesh AI. Todas las unidades Deco trabajan juntas para formar una red unificada bajo un mismo nombre y contrase\u00f1a en toda la casa.M\u00e1xima Seguridad. Protege la red de casa y todos sus dispositivos con avanzadas funciones de seguridad, como el cifrado WPA3 y TP-Link HomeCare TM.F\u00e1cil configuraci\u00f3n y control. Configura tu sistema Wi-Fi 6 Mesh en pocos minutos con la App Deco<\/p>\n","protected":false},"excerpt":{"rendered":"<p><strong>Marca:<\/strong> TP LINK<\/p>\n","protected":false},"featured_media":0,"template":"","meta":[],"product_brand":[],"product_cat":[155,158],"product_tag":[],"class_list":{"0":"post-34769","1":"product","2":"type-product","3":"status-publish","5":"product_cat-msn","6":"product_cat-tp-link","8":"first","9":"onbackorder","10":"shipping-taxable","11":"purchasable","12":"product-type-simple"},"_links":{"self":[{"href":"https:\/\/saltacom.com\/index.php\/wp-json\/wp\/v2\/product\/34769","targetHints":{"allow":["GET"]}}],"collection":[{"href":"https:\/\/saltacom.com\/index.php\/wp-json\/wp\/v2\/product"}],"about":[{"href":"https:\/\/saltacom.com\/index.php\/wp-json\/wp\/v2\/types\/product"}],"version-history":[{"count":0,"href":"https:\/\/saltacom.com\/index.php\/wp-json\/wp\/v2\/product\/34769\/revisions"}],"wp:attachment":[{"href":"https:\/\/saltacom.com\/index.php\/wp-json\/wp\/v2\/media?parent=34769"}],"wp:term":[{"taxonomy":"product_brand","embeddable":true,"href":"https:\/\/saltacom.com\/index.php\/wp-json\/wp\/v2\/product_brand?post=34769"},{"taxonomy":"product_cat","embeddable":true,"href":"https:\/\/saltacom.com\/index.php\/wp-json\/wp\/v2\/product_cat?post=34769"},{"taxonomy":"product_tag","embeddable":true,"href":"https:\/\/saltacom.com\/index.php\/wp-json\/wp\/v2\/product_tag?post=34769"}],"curies":[{"name":"wp","href":"https:\/\/api.w.org\/{rel}","templated":true}]}}