{"id":34771,"date":"2026-04-05T10:38:22","date_gmt":"2026-04-05T13:38:22","guid":{"rendered":"https:\/\/saltacom.com\/index.php\/producto\/tp-link-whole-home-mesh-wi-fi-system-axe5400-3ps\/"},"modified":"2026-04-06T01:15:36","modified_gmt":"2026-04-06T04:15:36","slug":"tp-link-whole-home-mesh-wi-fi-system-axe5400-3ps","status":"publish","type":"product","link":"https:\/\/saltacom.com\/index.php\/producto\/tp-link-whole-home-mesh-wi-fi-system-axe5400-3ps\/","title":{"rendered":"TP LINK WHOLE-HOME MESH Wi-Fi SYSTEM AXE5400 3PS"},"content":{"rendered":"<p>DECO XE75Sistema Wi-Fi 6E de malla tribanda AXE5400Cobertura continua mejorada  : cobertura WiFi en malla de hasta 7200 pies cuadrados  (paquete de 3), 5500 pies cuadrados  (paquete de 2) y 2900 pies cuadrados  (paquete de 1). \u2020Verdadera velocidad de tres bandas: las tres bandas de WiFi funcionan juntas para liberar las velocidades totales de su red de hasta 5400 Mbps para 200 dispositivos \u2020AI-Driven Mesh: unifica tu hogar bajo un solo nombre y contrase\u00f1a y ofrece las mejores conexiones a medida que te mueves de una habitaci\u00f3n a otra \u2021TP-Link HomeShield: ofrece protecci\u00f3n integral de la red, controles parentales s\u00f3lidos y seguridad de IoT en tiempo real*Compatibilidad universal: compatible con todas las generaciones de WiFi y funciona con cualquier proveedor de servicios de Internet (ISP) y m\u00f3dem ?La configuraci\u00f3n es m\u00e1s f\u00e1cil que nunca: la aplicaci\u00f3n Deco lo gu\u00eda a trav\u00e9s de la configuraci\u00f3n paso a paso.<\/p>\n","protected":false},"excerpt":{"rendered":"<p><strong>Marca:<\/strong> TP LINK<\/p>\n","protected":false},"featured_media":0,"template":"","meta":[],"product_brand":[],"product_cat":[155,158],"product_tag":[],"class_list":{"0":"post-34771","1":"product","2":"type-product","3":"status-publish","5":"product_cat-msn","6":"product_cat-tp-link","8":"first","9":"onbackorder","10":"shipping-taxable","11":"purchasable","12":"product-type-simple"},"_links":{"self":[{"href":"https:\/\/saltacom.com\/index.php\/wp-json\/wp\/v2\/product\/34771","targetHints":{"allow":["GET"]}}],"collection":[{"href":"https:\/\/saltacom.com\/index.php\/wp-json\/wp\/v2\/product"}],"about":[{"href":"https:\/\/saltacom.com\/index.php\/wp-json\/wp\/v2\/types\/product"}],"version-history":[{"count":0,"href":"https:\/\/saltacom.com\/index.php\/wp-json\/wp\/v2\/product\/34771\/revisions"}],"wp:attachment":[{"href":"https:\/\/saltacom.com\/index.php\/wp-json\/wp\/v2\/media?parent=34771"}],"wp:term":[{"taxonomy":"product_brand","embeddable":true,"href":"https:\/\/saltacom.com\/index.php\/wp-json\/wp\/v2\/product_brand?post=34771"},{"taxonomy":"product_cat","embeddable":true,"href":"https:\/\/saltacom.com\/index.php\/wp-json\/wp\/v2\/product_cat?post=34771"},{"taxonomy":"product_tag","embeddable":true,"href":"https:\/\/saltacom.com\/index.php\/wp-json\/wp\/v2\/product_tag?post=34771"}],"curies":[{"name":"wp","href":"https:\/\/api.w.org\/{rel}","templated":true}]}}