{"id":34772,"date":"2026-04-05T10:38:23","date_gmt":"2026-04-05T13:38:23","guid":{"rendered":"https:\/\/saltacom.com\/index.php\/producto\/gpon-tp-link-olt-gpon-pizza-box-1-puertos-gpon-1128\/"},"modified":"2026-04-06T01:15:36","modified_gmt":"2026-04-06T04:15:36","slug":"gpon-tp-link-olt-gpon-pizza-box-1-puertos-gpon-1128","status":"publish","type":"product","link":"https:\/\/saltacom.com\/index.php\/producto\/gpon-tp-link-olt-gpon-pizza-box-1-puertos-gpon-1128\/","title":{"rendered":"GPON TP LINK OLT GPON PIZZA-BOX 1 PUERTOS GPON 1:128"},"content":{"rendered":"<p>DS-P7001-01OLT DeltaStream 1U Pizza Box 1-Port GPONConectividad PON: 1 puerto PON, Admite divisi\u00f3n 1:128.Capacidad: 128 ONTsConectividad Ascendente: 1 Puerto 10GE SFP+ , 1 Puerto 2.5 GbE EthernetPuertos de Gesti\u00f3n: 1 x RJ45 Management + 1 x RJ45 Consola + 1 puerto AlarmasFuentes de alimentaci\u00f3n: Fuente de alimentacion DC y .802.3at PoEFunciones L2 Completas y L2+\/L3 Avanzadas: Enrutamiento est\u00e1tico, IGMP Snooping, DHCP Server\/Relay, IEEE 802.1p\/DSCP QoS, QoS VoIP.Seguridad: ACL, 802.1x Authentication, ARP Inspection, IP Source Guard, Rouge ONU Detection, Encriptacion.Gesti\u00f3n Centralizada: a trav\u00e9s del sistema de gesti\u00f3n DeltaStream PON (DPMS) Gratuito, SNMP, CLI, webUI y Omada Controller.Compatibilidad ONTs: Licencia de Terceros NO necesaria para el uso de ONTs de otros fabricantes.<\/p>\n","protected":false},"excerpt":{"rendered":"<p><strong>Marca:<\/strong> TP LINK<\/p>\n","protected":false},"featured_media":34773,"template":"","meta":[],"product_brand":[],"product_cat":[155,158],"product_tag":[],"class_list":{"0":"post-34772","1":"product","2":"type-product","3":"status-publish","4":"has-post-thumbnail","6":"product_cat-msn","7":"product_cat-tp-link","9":"first","10":"onbackorder","11":"shipping-taxable","12":"purchasable","13":"product-type-simple"},"_links":{"self":[{"href":"https:\/\/saltacom.com\/index.php\/wp-json\/wp\/v2\/product\/34772","targetHints":{"allow":["GET"]}}],"collection":[{"href":"https:\/\/saltacom.com\/index.php\/wp-json\/wp\/v2\/product"}],"about":[{"href":"https:\/\/saltacom.com\/index.php\/wp-json\/wp\/v2\/types\/product"}],"version-history":[{"count":0,"href":"https:\/\/saltacom.com\/index.php\/wp-json\/wp\/v2\/product\/34772\/revisions"}],"wp:featuredmedia":[{"embeddable":true,"href":"https:\/\/saltacom.com\/index.php\/wp-json\/wp\/v2\/media\/34773"}],"wp:attachment":[{"href":"https:\/\/saltacom.com\/index.php\/wp-json\/wp\/v2\/media?parent=34772"}],"wp:term":[{"taxonomy":"product_brand","embeddable":true,"href":"https:\/\/saltacom.com\/index.php\/wp-json\/wp\/v2\/product_brand?post=34772"},{"taxonomy":"product_cat","embeddable":true,"href":"https:\/\/saltacom.com\/index.php\/wp-json\/wp\/v2\/product_cat?post=34772"},{"taxonomy":"product_tag","embeddable":true,"href":"https:\/\/saltacom.com\/index.php\/wp-json\/wp\/v2\/product_tag?post=34772"}],"curies":[{"name":"wp","href":"https:\/\/api.w.org\/{rel}","templated":true}]}}