{"id":34776,"date":"2026-04-05T10:38:25","date_gmt":"2026-04-05T13:38:25","guid":{"rendered":"https:\/\/saltacom.com\/index.php\/producto\/ap-in-tp-link-ac1200-wireless-mimo-g-wall-plate-ap-s-f\/"},"modified":"2026-04-06T01:15:36","modified_gmt":"2026-04-06T04:15:36","slug":"ap-in-tp-link-ac1200-wireless-mimo-g-wall-plate-ap-s-f","status":"publish","type":"product","link":"https:\/\/saltacom.com\/index.php\/producto\/ap-in-tp-link-ac1200-wireless-mimo-g-wall-plate-ap-s-f\/","title":{"rendered":"AP IN.TP LINK AC1200 WIRELESS MIMO G WALL PLATE AP S\/F"},"content":{"rendered":"<p>Punto de Acceso de pared Gigabit WiFi MU-MIMO Omada AC1200Wi-Fi r\u00e1pido de doble banda : 300 Mbps simult\u00e1neos en 2.4 GHz y 867 Mbps en 5 GHz totalizan velocidades Wi-Fi de 1,167 Mbps con MU-MIMO. \u2020Cuatro puertos Gigabit : 4 puertos Gigabit Ethernet (1 \u00d7 enlace ascendente + 3 \u00d7 enlace descendente), con un puerto de enlace descendente que admite el paso de PoE para proporcionar alimentaci\u00f3n al dispositivo cableado.Integrado en Omada SDN : aprovisionamiento sin intervenci\u00f3n (ZTP) \u2021 , administraci\u00f3n centralizada en la nube y monitoreo inteligente.Gesti\u00f3n centralizada : acceso a la nube y la aplicaci\u00f3n Omada para una m\u00e1xima comodidad y una gesti\u00f3n sencilla.Aspecto elegante : el dise\u00f1o ultradelgado y llamativo se integra en habitaciones de hotel, hospitales, oficinas, dormitorios y cualquier otro entorno.F\u00e1cil instalaci\u00f3n y compatibilidad con PoE : construcci\u00f3n de f\u00e1cil montaje, compatible con cajas de conexiones est\u00e1ndar de 86 mm y de la UE y EE. UU. Y compatibilidad con 802.3af \/ at PoE.Red de invitados segura : junto con m\u00faltiples opciones de autenticaci\u00f3n (SMS \/ Facebook Wi-Fi \/ Voucher, etc.) y abundantes tecnolog\u00edas de seguridad inal\u00e1mbrica.Tecnolog\u00eda inal\u00e1mbrica avanzada : Optimice el rendimiento de la red con las tecnolog\u00edas MU-MIMO, Band Steering y Beamforming.<\/p>\n","protected":false},"excerpt":{"rendered":"<p><strong>Marca:<\/strong> TP LINK<\/p>\n","protected":false},"featured_media":34777,"template":"","meta":[],"product_brand":[],"product_cat":[155,158],"product_tag":[],"class_list":{"0":"post-34776","1":"product","2":"type-product","3":"status-publish","4":"has-post-thumbnail","6":"product_cat-msn","7":"product_cat-tp-link","9":"first","10":"onbackorder","11":"shipping-taxable","12":"purchasable","13":"product-type-simple"},"_links":{"self":[{"href":"https:\/\/saltacom.com\/index.php\/wp-json\/wp\/v2\/product\/34776","targetHints":{"allow":["GET"]}}],"collection":[{"href":"https:\/\/saltacom.com\/index.php\/wp-json\/wp\/v2\/product"}],"about":[{"href":"https:\/\/saltacom.com\/index.php\/wp-json\/wp\/v2\/types\/product"}],"version-history":[{"count":0,"href":"https:\/\/saltacom.com\/index.php\/wp-json\/wp\/v2\/product\/34776\/revisions"}],"wp:featuredmedia":[{"embeddable":true,"href":"https:\/\/saltacom.com\/index.php\/wp-json\/wp\/v2\/media\/34777"}],"wp:attachment":[{"href":"https:\/\/saltacom.com\/index.php\/wp-json\/wp\/v2\/media?parent=34776"}],"wp:term":[{"taxonomy":"product_brand","embeddable":true,"href":"https:\/\/saltacom.com\/index.php\/wp-json\/wp\/v2\/product_brand?post=34776"},{"taxonomy":"product_cat","embeddable":true,"href":"https:\/\/saltacom.com\/index.php\/wp-json\/wp\/v2\/product_cat?post=34776"},{"taxonomy":"product_tag","embeddable":true,"href":"https:\/\/saltacom.com\/index.php\/wp-json\/wp\/v2\/product_tag?post=34776"}],"curies":[{"name":"wp","href":"https:\/\/api.w.org\/{rel}","templated":true}]}}