{"id":34783,"date":"2026-04-05T10:38:38","date_gmt":"2026-04-05T13:38:38","guid":{"rendered":"https:\/\/saltacom.com\/index.php\/producto\/router-wir-tp-link-omada-gb-vpn-router-8poe-controller\/"},"modified":"2026-04-06T01:15:37","modified_gmt":"2026-04-06T04:15:37","slug":"router-wir-tp-link-omada-gb-vpn-router-8poe-controller","status":"publish","type":"product","link":"https:\/\/saltacom.com\/index.php\/producto\/router-wir-tp-link-omada-gb-vpn-router-8poe-controller\/","title":{"rendered":"ROUTER WIR TP LINK OMADA GB VPN ROUTER + 8POE + CONTROLLER"},"content":{"rendered":"<p>Router VPN Gigabit Omada 3 en 1Router 3 en 1: Integra router, salida PoE+ y capacidad de gesti\u00f3n centralizada de Omada en conjunto.Hardware profesional: CPU de doble n\u00facleo con memoria DDR3 de 1GB proporciona un rendimiento excepcional para hasta 12 puertos Gigabit.Hasta 4 puertos WAN Ethernet: Equipado con 2 puertos Gigabit SFP WAN\/LAN, 1 puerto Gigabit RJ45 WAN y 1 puerto Gigabit RJ45 WAN\/LAN.Potencia PoE de 110W: 8 puertos LAN RJ45 PoE+ compatibles con 802.3at\/af suministran un total de 110W*.Gesti\u00f3n centralizada: Acceso en la nube y la aplicaci\u00f3n Omada ofrecen comodidad y facilidad de gesti\u00f3n.VPN altamente seguro: Admite conexiones VPN IPsec, OpenVPN y L2TP\/PPTP.Instalaci\u00f3n f\u00e1cil: Dise\u00f1o sin ventilador y compacto para montaje en escritorio y pared.<\/p>\n","protected":false},"excerpt":{"rendered":"<p><strong>Marca:<\/strong> TP LINK<\/p>\n","protected":false},"featured_media":34784,"template":"","meta":[],"product_brand":[],"product_cat":[155,158],"product_tag":[],"class_list":{"0":"post-34783","1":"product","2":"type-product","3":"status-publish","4":"has-post-thumbnail","6":"product_cat-msn","7":"product_cat-tp-link","9":"first","10":"onbackorder","11":"shipping-taxable","12":"purchasable","13":"product-type-simple"},"_links":{"self":[{"href":"https:\/\/saltacom.com\/index.php\/wp-json\/wp\/v2\/product\/34783","targetHints":{"allow":["GET"]}}],"collection":[{"href":"https:\/\/saltacom.com\/index.php\/wp-json\/wp\/v2\/product"}],"about":[{"href":"https:\/\/saltacom.com\/index.php\/wp-json\/wp\/v2\/types\/product"}],"version-history":[{"count":0,"href":"https:\/\/saltacom.com\/index.php\/wp-json\/wp\/v2\/product\/34783\/revisions"}],"wp:featuredmedia":[{"embeddable":true,"href":"https:\/\/saltacom.com\/index.php\/wp-json\/wp\/v2\/media\/34784"}],"wp:attachment":[{"href":"https:\/\/saltacom.com\/index.php\/wp-json\/wp\/v2\/media?parent=34783"}],"wp:term":[{"taxonomy":"product_brand","embeddable":true,"href":"https:\/\/saltacom.com\/index.php\/wp-json\/wp\/v2\/product_brand?post=34783"},{"taxonomy":"product_cat","embeddable":true,"href":"https:\/\/saltacom.com\/index.php\/wp-json\/wp\/v2\/product_cat?post=34783"},{"taxonomy":"product_tag","embeddable":true,"href":"https:\/\/saltacom.com\/index.php\/wp-json\/wp\/v2\/product_tag?post=34783"}],"curies":[{"name":"wp","href":"https:\/\/api.w.org\/{rel}","templated":true}]}}