{"id":34787,"date":"2026-04-05T10:38:53","date_gmt":"2026-04-05T13:38:53","guid":{"rendered":"https:\/\/saltacom.com\/index.php\/producto\/converter-tp-link-mm-gb-conector-sc\/"},"modified":"2026-04-06T01:15:37","modified_gmt":"2026-04-06T04:15:37","slug":"converter-tp-link-mm-gb-conector-sc","status":"publish","type":"product","link":"https:\/\/saltacom.com\/index.php\/producto\/converter-tp-link-mm-gb-conector-sc\/","title":{"rendered":"CONVERTER TP LINK MM GB CONECTOR SC"},"content":{"rendered":"<p>El MC100CM es un convertidor de medios dise\u00f1ado para convertir fibra 100BASE-FX en medios de cobre 100Base-TX o viceversa. Dise\u00f1ado bajo los est\u00e1ndares IEEE 802.3u 10\/100Base-TX y 100Base-FX, el MC100CM est\u00e1 dise\u00f1ado para su uso con cable de fibra multimodo que utiliza el conector tipo SC. El MC100CM admite la especificaci\u00f3n l\u00e1ser de onda larga (LX) a una velocidad de reenv\u00edo de cable completa. Funciona a 1310 nm tanto en la transmisi\u00f3n como en la recepci\u00f3n de datos.Otras caracter\u00edsticas de este m\u00f3dulo incluyen la capacidad de ser utilizado como un dispositivo independiente (no se requiere chasis) o con el chasis MC1400 de TP-LINK, Auto MDI\/MDI-X para el puerto TX, Negociaci\u00f3n autom\u00e1tica del modo d\u00faplex. El MC100CM transmitir\u00e1 a distancias extendidas de fibra \u00f3ptica utilizando fibra multimodo de hasta 2 kil\u00f3metros.<\/p>\n","protected":false},"excerpt":{"rendered":"<p><strong>Marca:<\/strong> TP LINK<\/p>\n","protected":false},"featured_media":34788,"template":"","meta":[],"product_brand":[],"product_cat":[155,158],"product_tag":[],"class_list":{"0":"post-34787","1":"product","2":"type-product","3":"status-publish","4":"has-post-thumbnail","6":"product_cat-msn","7":"product_cat-tp-link","9":"first","10":"onbackorder","11":"shipping-taxable","12":"purchasable","13":"product-type-simple"},"_links":{"self":[{"href":"https:\/\/saltacom.com\/index.php\/wp-json\/wp\/v2\/product\/34787","targetHints":{"allow":["GET"]}}],"collection":[{"href":"https:\/\/saltacom.com\/index.php\/wp-json\/wp\/v2\/product"}],"about":[{"href":"https:\/\/saltacom.com\/index.php\/wp-json\/wp\/v2\/types\/product"}],"version-history":[{"count":0,"href":"https:\/\/saltacom.com\/index.php\/wp-json\/wp\/v2\/product\/34787\/revisions"}],"wp:featuredmedia":[{"embeddable":true,"href":"https:\/\/saltacom.com\/index.php\/wp-json\/wp\/v2\/media\/34788"}],"wp:attachment":[{"href":"https:\/\/saltacom.com\/index.php\/wp-json\/wp\/v2\/media?parent=34787"}],"wp:term":[{"taxonomy":"product_brand","embeddable":true,"href":"https:\/\/saltacom.com\/index.php\/wp-json\/wp\/v2\/product_brand?post=34787"},{"taxonomy":"product_cat","embeddable":true,"href":"https:\/\/saltacom.com\/index.php\/wp-json\/wp\/v2\/product_cat?post=34787"},{"taxonomy":"product_tag","embeddable":true,"href":"https:\/\/saltacom.com\/index.php\/wp-json\/wp\/v2\/product_tag?post=34787"}],"curies":[{"name":"wp","href":"https:\/\/api.w.org\/{rel}","templated":true}]}}