{"id":34789,"date":"2026-04-05T10:38:55","date_gmt":"2026-04-05T13:38:55","guid":{"rendered":"https:\/\/saltacom.com\/index.php\/producto\/converter-tp-link-sm-10-100-conector-sc\/"},"modified":"2026-04-06T01:15:37","modified_gmt":"2026-04-06T04:15:37","slug":"converter-tp-link-sm-10-100-conector-sc","status":"publish","type":"product","link":"https:\/\/saltacom.com\/index.php\/producto\/converter-tp-link-sm-10-100-conector-sc\/","title":{"rendered":"CONVERTER TP LINK SM 10\/100 CONECTOR SC"},"content":{"rendered":"<p>Compatible con los est\u00e1ndares 802.3u 10\/100 Base-TX, 100Base-FX.El paso de enlace de fallas y errores minimizan oportunamente la p\u00e9rdida causada por la falla en el enlaceProporciona configuraci\u00f3n del switch de Modo de transferencia Medio D\u00faplex\/D\u00faplex Completo para el puerto FX.Ampl\u00eda la distancia de la fibra hasta el 20km<\/p>\n","protected":false},"excerpt":{"rendered":"<p><strong>Marca:<\/strong> TP LINK<\/p>\n","protected":false},"featured_media":34790,"template":"","meta":[],"product_brand":[],"product_cat":[155,158],"product_tag":[],"class_list":{"0":"post-34789","1":"product","2":"type-product","3":"status-publish","4":"has-post-thumbnail","6":"product_cat-msn","7":"product_cat-tp-link","9":"first","10":"onbackorder","11":"shipping-taxable","12":"purchasable","13":"product-type-simple"},"_links":{"self":[{"href":"https:\/\/saltacom.com\/index.php\/wp-json\/wp\/v2\/product\/34789","targetHints":{"allow":["GET"]}}],"collection":[{"href":"https:\/\/saltacom.com\/index.php\/wp-json\/wp\/v2\/product"}],"about":[{"href":"https:\/\/saltacom.com\/index.php\/wp-json\/wp\/v2\/types\/product"}],"version-history":[{"count":0,"href":"https:\/\/saltacom.com\/index.php\/wp-json\/wp\/v2\/product\/34789\/revisions"}],"wp:featuredmedia":[{"embeddable":true,"href":"https:\/\/saltacom.com\/index.php\/wp-json\/wp\/v2\/media\/34790"}],"wp:attachment":[{"href":"https:\/\/saltacom.com\/index.php\/wp-json\/wp\/v2\/media?parent=34789"}],"wp:term":[{"taxonomy":"product_brand","embeddable":true,"href":"https:\/\/saltacom.com\/index.php\/wp-json\/wp\/v2\/product_brand?post=34789"},{"taxonomy":"product_cat","embeddable":true,"href":"https:\/\/saltacom.com\/index.php\/wp-json\/wp\/v2\/product_cat?post=34789"},{"taxonomy":"product_tag","embeddable":true,"href":"https:\/\/saltacom.com\/index.php\/wp-json\/wp\/v2\/product_tag?post=34789"}],"curies":[{"name":"wp","href":"https:\/\/api.w.org\/{rel}","templated":true}]}}