{"id":34791,"date":"2026-04-05T10:38:56","date_gmt":"2026-04-05T13:38:56","guid":{"rendered":"https:\/\/saltacom.com\/index.php\/producto\/converter-tp-link-sm-10-100-conector-sc-upc\/"},"modified":"2026-04-06T01:15:37","modified_gmt":"2026-04-06T04:15:37","slug":"converter-tp-link-sm-10-100-conector-sc-upc","status":"publish","type":"product","link":"https:\/\/saltacom.com\/index.php\/producto\/converter-tp-link-sm-10-100-conector-sc-upc\/","title":{"rendered":"CONVERTER TP LINK SM 10\/100 CONECTOR SC\/UPC"},"content":{"rendered":"<p>El MC111CS es un convertidor de medios dise\u00f1ado para convertir fibra 100BASE-FX en medios de cobre 10\/100Base-TX o viceversa. Al adoptar la tecnolog\u00eda WDM, MC111CS solo se necesita un cable de fibra para transmitir y recibir datos, lo que le ahorrar\u00e1 la mitad del costo de cableado. Dise\u00f1ado bajo los est\u00e1ndares IEEE 802.3u 10\/100Base-TX y 100Base-FX, el MC111CS est\u00e1 dise\u00f1ado para su uso con cable de fibra monomodo que utiliza el conector tipo SC. El MC111CS admite la especificaci\u00f3n l\u00e1ser de onda larga (LX) a una velocidad de reenv\u00edo de cable completa. Funciona a 1550 nm en la transferencia de datos y a 1310 nm en la recepci\u00f3n de datos. Por lo tanto, el otro dispositivo final para cooperar con el MC111CS debe funcionar a 1310 nm en la transferencia de datos y a 1550 nm en la recepci\u00f3n de datos. Otro MC112CS convertidor de medios de TP-Link es solo uno de los ejemplos para cooperar con MC111CS.Otras caracter\u00edsticas de este m\u00f3dulo incluyen la capacidad de ser utilizado como un dispositivo independiente (no se requiere chasis) o con el chasis MC1400 de TP-Link, MDI\/MDI-X autom\u00e1tico para el puerto TX, negociaci\u00f3n autom\u00e1tica del modo d\u00faplex en el puerto TX. El MC111CS transmitir\u00e1 a distancias extendidas de fibra \u00f3ptica utilizando fibra monomodo de hasta 20 kil\u00f3metros.<\/p>\n","protected":false},"excerpt":{"rendered":"<p><strong>Marca:<\/strong> TP LINK<\/p>\n","protected":false},"featured_media":34792,"template":"","meta":[],"product_brand":[],"product_cat":[155,158],"product_tag":[],"class_list":{"0":"post-34791","1":"product","2":"type-product","3":"status-publish","4":"has-post-thumbnail","6":"product_cat-msn","7":"product_cat-tp-link","9":"first","10":"onbackorder","11":"shipping-taxable","12":"purchasable","13":"product-type-simple"},"_links":{"self":[{"href":"https:\/\/saltacom.com\/index.php\/wp-json\/wp\/v2\/product\/34791","targetHints":{"allow":["GET"]}}],"collection":[{"href":"https:\/\/saltacom.com\/index.php\/wp-json\/wp\/v2\/product"}],"about":[{"href":"https:\/\/saltacom.com\/index.php\/wp-json\/wp\/v2\/types\/product"}],"version-history":[{"count":0,"href":"https:\/\/saltacom.com\/index.php\/wp-json\/wp\/v2\/product\/34791\/revisions"}],"wp:featuredmedia":[{"embeddable":true,"href":"https:\/\/saltacom.com\/index.php\/wp-json\/wp\/v2\/media\/34792"}],"wp:attachment":[{"href":"https:\/\/saltacom.com\/index.php\/wp-json\/wp\/v2\/media?parent=34791"}],"wp:term":[{"taxonomy":"product_brand","embeddable":true,"href":"https:\/\/saltacom.com\/index.php\/wp-json\/wp\/v2\/product_brand?post=34791"},{"taxonomy":"product_cat","embeddable":true,"href":"https:\/\/saltacom.com\/index.php\/wp-json\/wp\/v2\/product_cat?post=34791"},{"taxonomy":"product_tag","embeddable":true,"href":"https:\/\/saltacom.com\/index.php\/wp-json\/wp\/v2\/product_tag?post=34791"}],"curies":[{"name":"wp","href":"https:\/\/api.w.org\/{rel}","templated":true}]}}