{"id":34797,"date":"2026-04-05T10:39:07","date_gmt":"2026-04-05T13:39:07","guid":{"rendered":"https:\/\/saltacom.com\/index.php\/producto\/switch-tp-link-controlador-omada-hardware\/"},"modified":"2026-04-07T01:15:42","modified_gmt":"2026-04-07T04:15:42","slug":"switch-tp-link-controlador-omada-hardware","status":"publish","type":"product","link":"https:\/\/saltacom.com\/index.php\/producto\/switch-tp-link-controlador-omada-hardware\/","title":{"rendered":"SWITCH TP LINK CONTROLADOR OMADA HARDWARE"},"content":{"rendered":"<p>OC200Controlador Cloud OmadaGesti\u00f3n centralizada profesional para redes Wi-FiAcceso v\u00eda Nube gratuito para gestionar desde d\u00f3nde y siempre que prefieraSoporte PoE (802.3af\/802.3at) para una f\u00e1cil instalaci\u00f3nDise\u00f1o de hardware l\u00edder en la industria con chipset poderoso, caja met\u00e1lica de alta resistencia y puerto USB para bakcup autom\u00e1ticoOmada App para una gesti\u00f3n pr\u00e1cticaRed de invitados segura con m\u00faltiples opciones de logueo (Facebook Wi-Fi, SMS login, Voucher)<\/p>\n","protected":false},"excerpt":{"rendered":"<p><strong>Marca:<\/strong> TP LINK<\/p>\n","protected":false},"featured_media":34798,"template":"","meta":[],"product_brand":[],"product_cat":[155,158],"product_tag":[],"class_list":{"0":"post-34797","1":"product","2":"type-product","3":"status-publish","4":"has-post-thumbnail","6":"product_cat-msn","7":"product_cat-tp-link","9":"first","10":"onbackorder","11":"shipping-taxable","12":"purchasable","13":"product-type-simple"},"_links":{"self":[{"href":"https:\/\/saltacom.com\/index.php\/wp-json\/wp\/v2\/product\/34797","targetHints":{"allow":["GET"]}}],"collection":[{"href":"https:\/\/saltacom.com\/index.php\/wp-json\/wp\/v2\/product"}],"about":[{"href":"https:\/\/saltacom.com\/index.php\/wp-json\/wp\/v2\/types\/product"}],"version-history":[{"count":0,"href":"https:\/\/saltacom.com\/index.php\/wp-json\/wp\/v2\/product\/34797\/revisions"}],"wp:featuredmedia":[{"embeddable":true,"href":"https:\/\/saltacom.com\/index.php\/wp-json\/wp\/v2\/media\/34798"}],"wp:attachment":[{"href":"https:\/\/saltacom.com\/index.php\/wp-json\/wp\/v2\/media?parent=34797"}],"wp:term":[{"taxonomy":"product_brand","embeddable":true,"href":"https:\/\/saltacom.com\/index.php\/wp-json\/wp\/v2\/product_brand?post=34797"},{"taxonomy":"product_cat","embeddable":true,"href":"https:\/\/saltacom.com\/index.php\/wp-json\/wp\/v2\/product_cat?post=34797"},{"taxonomy":"product_tag","embeddable":true,"href":"https:\/\/saltacom.com\/index.php\/wp-json\/wp\/v2\/product_tag?post=34797"}],"curies":[{"name":"wp","href":"https:\/\/api.w.org\/{rel}","templated":true}]}}