{"id":34801,"date":"2026-04-05T10:39:30","date_gmt":"2026-04-05T13:39:30","guid":{"rendered":"https:\/\/saltacom.com\/index.php\/producto\/cam-ip-in-tp-link-camara-wi-fi-indoor-3mp\/"},"modified":"2026-04-09T01:16:12","modified_gmt":"2026-04-09T04:16:12","slug":"cam-ip-in-tp-link-camara-wi-fi-indoor-3mp","status":"publish","type":"product","link":"https:\/\/saltacom.com\/index.php\/producto\/cam-ip-in-tp-link-camara-wi-fi-indoor-3mp\/","title":{"rendered":"CAM.IP IN TP LINK CAMARA Wi-Fi INDOOR 3MP"},"content":{"rendered":"<p>C\u00e1mara Wi-Fi de seguridad para el hogarTapo C110Video de ultra alta definici\u00f3n: graba todas las im\u00e1genes en una definici\u00f3n ultra alta de 3 MPVisi\u00f3n nocturna avanzada: proporciona una distancia visual de hasta 30 piesDetecci\u00f3n de movimiento y notificaciones: le notifica cuando la c\u00e1mara detecta movimientoAlarma de luz y sonido: activa efectos de luz y sonido para ahuyentar a los visitantes no deseadosAudio bidireccional: permite la comunicaci\u00f3n a trav\u00e9s de un micr\u00f3fono y un altavoz integradosAlmacenamiento seguro: almacena localmente hasta 256 GB en una tarjeta microSD, lo que equivale a 512 horas (21 d\u00edas) de metraje (seg\u00fan las condiciones del laboratorio)F\u00e1cil configuraci\u00f3n y administraci\u00f3n: administre todo con la aplicaci\u00f3n Tapo<\/p>\n","protected":false},"excerpt":{"rendered":"<p><strong>Marca:<\/strong> TP LINK<\/p>\n","protected":false},"featured_media":0,"template":"","meta":[],"product_brand":[],"product_cat":[155,158],"product_tag":[],"class_list":{"0":"post-34801","1":"product","2":"type-product","3":"status-publish","5":"product_cat-msn","6":"product_cat-tp-link","8":"first","9":"onbackorder","10":"shipping-taxable","11":"purchasable","12":"product-type-simple"},"_links":{"self":[{"href":"https:\/\/saltacom.com\/index.php\/wp-json\/wp\/v2\/product\/34801","targetHints":{"allow":["GET"]}}],"collection":[{"href":"https:\/\/saltacom.com\/index.php\/wp-json\/wp\/v2\/product"}],"about":[{"href":"https:\/\/saltacom.com\/index.php\/wp-json\/wp\/v2\/types\/product"}],"version-history":[{"count":0,"href":"https:\/\/saltacom.com\/index.php\/wp-json\/wp\/v2\/product\/34801\/revisions"}],"wp:attachment":[{"href":"https:\/\/saltacom.com\/index.php\/wp-json\/wp\/v2\/media?parent=34801"}],"wp:term":[{"taxonomy":"product_brand","embeddable":true,"href":"https:\/\/saltacom.com\/index.php\/wp-json\/wp\/v2\/product_brand?post=34801"},{"taxonomy":"product_cat","embeddable":true,"href":"https:\/\/saltacom.com\/index.php\/wp-json\/wp\/v2\/product_cat?post=34801"},{"taxonomy":"product_tag","embeddable":true,"href":"https:\/\/saltacom.com\/index.php\/wp-json\/wp\/v2\/product_tag?post=34801"}],"curies":[{"name":"wp","href":"https:\/\/api.w.org\/{rel}","templated":true}]}}