{"id":34802,"date":"2026-04-05T10:39:32","date_gmt":"2026-04-05T13:39:32","guid":{"rendered":"https:\/\/saltacom.com\/index.php\/producto\/cam-ip-in-tp-link-camara-wi-fi-indoor-1080p\/"},"modified":"2026-04-09T01:16:12","modified_gmt":"2026-04-09T04:16:12","slug":"cam-ip-in-tp-link-camara-wi-fi-indoor-1080p","status":"publish","type":"product","link":"https:\/\/saltacom.com\/index.php\/producto\/cam-ip-in-tp-link-camara-wi-fi-indoor-1080p\/","title":{"rendered":"CAM.IP IN TP LINK CAMARA Wi-Fi INDOOR 1080P"},"content":{"rendered":"<p>Video de alta definici\u00f3n: captura todos los detalles en una definici\u00f3n n\u00edtida de 1080p.Vista nocturna avanzada: incluso de noche, la c\u00e1mara puede proporcionar una distancia visual de hasta 30 pies.Detecci\u00f3n de movimiento y notificaciones: recibe una notificaci\u00f3n si se detecta algo sospechoso.Sonido y alarma de luz: disparador de luz y efectos de sonido para ahuyentar a los visitantes no deseados.Audio bidireccional: comun\u00edcate con otros con el micr\u00f3fono y el altavoz incorporados.Almacenamiento seguro: admite tarjeta MicroSD (hasta 128 GB).CAJA X 24u<\/p>\n","protected":false},"excerpt":{"rendered":"<p><strong>Marca:<\/strong> TP LINK<\/p>\n","protected":false},"featured_media":0,"template":"","meta":[],"product_brand":[],"product_cat":[155,158],"product_tag":[],"class_list":{"0":"post-34802","1":"product","2":"type-product","3":"status-publish","5":"product_cat-msn","6":"product_cat-tp-link","8":"first","9":"onbackorder","10":"shipping-taxable","11":"purchasable","12":"product-type-simple"},"_links":{"self":[{"href":"https:\/\/saltacom.com\/index.php\/wp-json\/wp\/v2\/product\/34802","targetHints":{"allow":["GET"]}}],"collection":[{"href":"https:\/\/saltacom.com\/index.php\/wp-json\/wp\/v2\/product"}],"about":[{"href":"https:\/\/saltacom.com\/index.php\/wp-json\/wp\/v2\/types\/product"}],"version-history":[{"count":0,"href":"https:\/\/saltacom.com\/index.php\/wp-json\/wp\/v2\/product\/34802\/revisions"}],"wp:attachment":[{"href":"https:\/\/saltacom.com\/index.php\/wp-json\/wp\/v2\/media?parent=34802"}],"wp:term":[{"taxonomy":"product_brand","embeddable":true,"href":"https:\/\/saltacom.com\/index.php\/wp-json\/wp\/v2\/product_brand?post=34802"},{"taxonomy":"product_cat","embeddable":true,"href":"https:\/\/saltacom.com\/index.php\/wp-json\/wp\/v2\/product_cat?post=34802"},{"taxonomy":"product_tag","embeddable":true,"href":"https:\/\/saltacom.com\/index.php\/wp-json\/wp\/v2\/product_tag?post=34802"}],"curies":[{"name":"wp","href":"https:\/\/api.w.org\/{rel}","templated":true}]}}