{"id":34803,"date":"2026-04-05T10:39:33","date_gmt":"2026-04-05T13:39:33","guid":{"rendered":"https:\/\/saltacom.com\/index.php\/producto\/cam-ip-in-tp-link-camara-wi-fi-indoor-outdoor-3mp\/"},"modified":"2026-04-05T10:39:33","modified_gmt":"2026-04-05T13:39:33","slug":"cam-ip-in-tp-link-camara-wi-fi-indoor-outdoor-3mp","status":"publish","type":"product","link":"https:\/\/saltacom.com\/index.php\/producto\/cam-ip-in-tp-link-camara-wi-fi-indoor-outdoor-3mp\/","title":{"rendered":"CAM.IP IN TP LINK CAMARA Wi-Fi INDOOR-OUTDOOR 3MP"},"content":{"rendered":"<p>C\u00e1mara Wi-Fi de seguridad para exterioresTapo C320WS2K QHD: graba todas las im\u00e1genes con una definici\u00f3n n\u00edtida de 2560 x 1440.Redes cableadas o inal\u00e1mbricas: conecte su c\u00e1mara a la red a trav\u00e9s de Ethernet o WiFi para una instalaci\u00f3n m\u00e1s flexible.Visi\u00f3n nocturna a todo color: le brinda un video colorido incluso de noche.Sensor de luz estelar: el sensor de luz estelar de alta sensibilidad captura im\u00e1genes de mayor calidad incluso en condiciones de poca luz.Detecci\u00f3n de movimiento y notificaciones: le notifica cuando la c\u00e1mara detecta movimiento.Alarma de luz y sonido: active efectos de luz y sonido para ahuyentar a los visitantes no deseados.Audio bidireccional: permite la comunicaci\u00f3n a trav\u00e9s de un micr\u00f3fono y un altavoz integrados.Almacenamiento seguro: almacena localmente hasta 512 GB de video QHD 2K en una tarjeta microSD, lo que ofrece un acceso conveniente a su metraje de video. \u2020Control por voz: libera tus manos con el control por voz: funciona con el Asistente de Google y Amazon Alexa. (Google Assistant y Amazon Alexa no est\u00e1n disponibles en todos los idiomas y pa\u00edses).<\/p>\n","protected":false},"excerpt":{"rendered":"<p><strong>Marca:<\/strong> TP LINK<\/p>\n","protected":false},"featured_media":0,"template":"","meta":[],"product_brand":[],"product_cat":[155,158],"product_tag":[],"class_list":{"0":"post-34803","1":"product","2":"type-product","3":"status-publish","5":"product_cat-msn","6":"product_cat-tp-link","8":"first","9":"onbackorder","10":"shipping-taxable","11":"purchasable","12":"product-type-simple"},"_links":{"self":[{"href":"https:\/\/saltacom.com\/index.php\/wp-json\/wp\/v2\/product\/34803","targetHints":{"allow":["GET"]}}],"collection":[{"href":"https:\/\/saltacom.com\/index.php\/wp-json\/wp\/v2\/product"}],"about":[{"href":"https:\/\/saltacom.com\/index.php\/wp-json\/wp\/v2\/types\/product"}],"version-history":[{"count":0,"href":"https:\/\/saltacom.com\/index.php\/wp-json\/wp\/v2\/product\/34803\/revisions"}],"wp:attachment":[{"href":"https:\/\/saltacom.com\/index.php\/wp-json\/wp\/v2\/media?parent=34803"}],"wp:term":[{"taxonomy":"product_brand","embeddable":true,"href":"https:\/\/saltacom.com\/index.php\/wp-json\/wp\/v2\/product_brand?post=34803"},{"taxonomy":"product_cat","embeddable":true,"href":"https:\/\/saltacom.com\/index.php\/wp-json\/wp\/v2\/product_cat?post=34803"},{"taxonomy":"product_tag","embeddable":true,"href":"https:\/\/saltacom.com\/index.php\/wp-json\/wp\/v2\/product_tag?post=34803"}],"curies":[{"name":"wp","href":"https:\/\/api.w.org\/{rel}","templated":true}]}}