{"id":34804,"date":"2026-04-05T10:39:34","date_gmt":"2026-04-05T13:39:34","guid":{"rendered":"https:\/\/saltacom.com\/index.php\/producto\/acc-tp-link-centro-inteligente-controlador\/"},"modified":"2026-04-05T10:39:34","modified_gmt":"2026-04-05T13:39:34","slug":"acc-tp-link-centro-inteligente-controlador","status":"publish","type":"product","link":"https:\/\/saltacom.com\/index.php\/producto\/acc-tp-link-centro-inteligente-controlador\/","title":{"rendered":"ACC TP LINK CENTRO INTELIGENTE CONTROLADOR"},"content":{"rendered":"<p>TAPO H200Centro inteligente TapoHasta 64+4 dispositivos : conecta m\u00e1s dispositivos (hasta 64 interruptores * , sensores o botones + 4 c\u00e1maras o timbres) para crear el ecosistema inteligente de tu hogar. Funciona con Tapo C420, Tapo C400, Tapo D230 y m\u00e1s.Alarma y timbre inteligentes : funciona con sus c\u00e1maras inteligentes (Tapo C420, Tapo C400), timbres con video (Tapo D230) y sensores como una alarma o timbre inteligente cuando se detecta movimiento o llega un visitante.Almacenamiento microSD local  : guarde videos grabados de sus c\u00e1maras o timbres con video en la tarjeta microSD instalada en el concentrador (hasta 512 GB) \u2020 .19 opciones de tono de llamada : m\u00faltiples tonos de llamada incorporados (hasta 90 dB) para sus escenarios personalizados.Tecnolog\u00eda inal\u00e1mbrica de bajo consumo : ayuda a que sus sensores y botones inteligentes duren hasta 10 veces m\u00e1s al adoptar un protocolo inal\u00e1mbrico de consumo ultrabaja ** .Control por voz : funciona con Amazon Alexa y Google Home para automatizaci\u00f3n con manos libres.<\/p>\n","protected":false},"excerpt":{"rendered":"<p><strong>Marca:<\/strong> TP LINK<\/p>\n","protected":false},"featured_media":0,"template":"","meta":[],"product_brand":[],"product_cat":[155,158],"product_tag":[],"class_list":{"0":"post-34804","1":"product","2":"type-product","3":"status-publish","5":"product_cat-msn","6":"product_cat-tp-link","8":"first","9":"onbackorder","10":"shipping-taxable","11":"purchasable","12":"product-type-simple"},"_links":{"self":[{"href":"https:\/\/saltacom.com\/index.php\/wp-json\/wp\/v2\/product\/34804","targetHints":{"allow":["GET"]}}],"collection":[{"href":"https:\/\/saltacom.com\/index.php\/wp-json\/wp\/v2\/product"}],"about":[{"href":"https:\/\/saltacom.com\/index.php\/wp-json\/wp\/v2\/types\/product"}],"version-history":[{"count":0,"href":"https:\/\/saltacom.com\/index.php\/wp-json\/wp\/v2\/product\/34804\/revisions"}],"wp:attachment":[{"href":"https:\/\/saltacom.com\/index.php\/wp-json\/wp\/v2\/media?parent=34804"}],"wp:term":[{"taxonomy":"product_brand","embeddable":true,"href":"https:\/\/saltacom.com\/index.php\/wp-json\/wp\/v2\/product_brand?post=34804"},{"taxonomy":"product_cat","embeddable":true,"href":"https:\/\/saltacom.com\/index.php\/wp-json\/wp\/v2\/product_cat?post=34804"},{"taxonomy":"product_tag","embeddable":true,"href":"https:\/\/saltacom.com\/index.php\/wp-json\/wp\/v2\/product_tag?post=34804"}],"curies":[{"name":"wp","href":"https:\/\/api.w.org\/{rel}","templated":true}]}}