{"id":34807,"date":"2026-04-05T10:39:37","date_gmt":"2026-04-05T13:39:37","guid":{"rendered":"https:\/\/saltacom.com\/index.php\/producto\/acc-tp-link-poe-inyector-48v-18w-passive-poe\/"},"modified":"2026-04-05T10:39:39","modified_gmt":"2026-04-05T13:39:39","slug":"acc-tp-link-poe-inyector-48v-18w-passive-poe","status":"publish","type":"product","link":"https:\/\/saltacom.com\/index.php\/producto\/acc-tp-link-poe-inyector-48v-18w-passive-poe\/","title":{"rendered":"ACC.TP LINK POE INYECTOR 48V. 18W PASSIVE POE"},"content":{"rendered":"<p>TL-POE4818GAdaptador PoE pasivo de 48 VAdmite PoE pasivo de 48 VDeterminar autom\u00e1ticamente los requisitos de energ\u00eda necesariosConveniente dise\u00f1o de montaje en paredSoporte de velocidad GigabitPlug-and-Play, no requiere configuraci\u00f3n<\/p>\n","protected":false},"excerpt":{"rendered":"<p><strong>Marca:<\/strong> TP LINK<\/p>\n","protected":false},"featured_media":34808,"template":"","meta":[],"product_brand":[],"product_cat":[155,158],"product_tag":[],"class_list":{"0":"post-34807","1":"product","2":"type-product","3":"status-publish","4":"has-post-thumbnail","6":"product_cat-msn","7":"product_cat-tp-link","9":"first","10":"onbackorder","11":"shipping-taxable","12":"purchasable","13":"product-type-simple"},"_links":{"self":[{"href":"https:\/\/saltacom.com\/index.php\/wp-json\/wp\/v2\/product\/34807","targetHints":{"allow":["GET"]}}],"collection":[{"href":"https:\/\/saltacom.com\/index.php\/wp-json\/wp\/v2\/product"}],"about":[{"href":"https:\/\/saltacom.com\/index.php\/wp-json\/wp\/v2\/types\/product"}],"version-history":[{"count":0,"href":"https:\/\/saltacom.com\/index.php\/wp-json\/wp\/v2\/product\/34807\/revisions"}],"wp:featuredmedia":[{"embeddable":true,"href":"https:\/\/saltacom.com\/index.php\/wp-json\/wp\/v2\/media\/34808"}],"wp:attachment":[{"href":"https:\/\/saltacom.com\/index.php\/wp-json\/wp\/v2\/media?parent=34807"}],"wp:term":[{"taxonomy":"product_brand","embeddable":true,"href":"https:\/\/saltacom.com\/index.php\/wp-json\/wp\/v2\/product_brand?post=34807"},{"taxonomy":"product_cat","embeddable":true,"href":"https:\/\/saltacom.com\/index.php\/wp-json\/wp\/v2\/product_cat?post=34807"},{"taxonomy":"product_tag","embeddable":true,"href":"https:\/\/saltacom.com\/index.php\/wp-json\/wp\/v2\/product_tag?post=34807"}],"curies":[{"name":"wp","href":"https:\/\/api.w.org\/{rel}","templated":true}]}}