{"id":34815,"date":"2026-04-05T10:39:43","date_gmt":"2026-04-05T13:39:43","guid":{"rendered":"https:\/\/saltacom.com\/index.php\/producto\/switch-tp-link-9-puertos-10-100-8-port-poe\/"},"modified":"2026-04-06T01:15:39","modified_gmt":"2026-04-06T04:15:39","slug":"switch-tp-link-9-puertos-10-100-8-port-poe","status":"publish","type":"product","link":"https:\/\/saltacom.com\/index.php\/producto\/switch-tp-link-9-puertos-10-100-8-port-poe\/","title":{"rendered":"SWITCH TP LINK 9 PUERTOS 10\/100 8 PORT POE+"},"content":{"rendered":"<p>TL-SF1009PSwitch de escritorio de 9 puertos a 10 \/ 100Mbps con 8 puertos PoE+9 puertos RJ45 de 10\/100 Mbps8 puertos PoE + transfieren datos y alimentan cables individualesFunciona con PD compatibles con IEEE 802.3af \/ atAdmite alimentaci\u00f3n PoE de hasta 30 W para cada puerto PoEAdmite alimentaci\u00f3n PoE de hasta 65 W para 8 puertos PoE *Alcance de transmisi\u00f3n de datos y potencia de hasta 250 m en modo extendido **El modo de prioridad asegura una alta prioridad de los puertos 1 a 2 para garantizar la calidad de la aplicaci\u00f3n sensibleEl modo de aislamiento permite la separaci\u00f3n del tr\u00e1fico del cliente con un solo clic para una mayor seguridad y rendimientoPlug and play sin necesidad de configuraci\u00f3n<\/p>\n","protected":false},"excerpt":{"rendered":"<p><strong>Marca:<\/strong> TP LINK<\/p>\n","protected":false},"featured_media":34816,"template":"","meta":[],"product_brand":[],"product_cat":[155,158],"product_tag":[],"class_list":{"0":"post-34815","1":"product","2":"type-product","3":"status-publish","4":"has-post-thumbnail","6":"product_cat-msn","7":"product_cat-tp-link","9":"first","10":"onbackorder","11":"shipping-taxable","12":"purchasable","13":"product-type-simple"},"_links":{"self":[{"href":"https:\/\/saltacom.com\/index.php\/wp-json\/wp\/v2\/product\/34815","targetHints":{"allow":["GET"]}}],"collection":[{"href":"https:\/\/saltacom.com\/index.php\/wp-json\/wp\/v2\/product"}],"about":[{"href":"https:\/\/saltacom.com\/index.php\/wp-json\/wp\/v2\/types\/product"}],"version-history":[{"count":0,"href":"https:\/\/saltacom.com\/index.php\/wp-json\/wp\/v2\/product\/34815\/revisions"}],"wp:featuredmedia":[{"embeddable":true,"href":"https:\/\/saltacom.com\/index.php\/wp-json\/wp\/v2\/media\/34816"}],"wp:attachment":[{"href":"https:\/\/saltacom.com\/index.php\/wp-json\/wp\/v2\/media?parent=34815"}],"wp:term":[{"taxonomy":"product_brand","embeddable":true,"href":"https:\/\/saltacom.com\/index.php\/wp-json\/wp\/v2\/product_brand?post=34815"},{"taxonomy":"product_cat","embeddable":true,"href":"https:\/\/saltacom.com\/index.php\/wp-json\/wp\/v2\/product_cat?post=34815"},{"taxonomy":"product_tag","embeddable":true,"href":"https:\/\/saltacom.com\/index.php\/wp-json\/wp\/v2\/product_tag?post=34815"}],"curies":[{"name":"wp","href":"https:\/\/api.w.org\/{rel}","templated":true}]}}