{"id":34817,"date":"2026-04-05T10:39:46","date_gmt":"2026-04-05T13:39:46","guid":{"rendered":"https:\/\/saltacom.com\/index.php\/producto\/switch-tp-link-16-puertos-10-100-mbps\/"},"modified":"2026-04-06T01:15:39","modified_gmt":"2026-04-06T04:15:39","slug":"switch-tp-link-16-puertos-10-100-mbps","status":"publish","type":"product","link":"https:\/\/saltacom.com\/index.php\/producto\/switch-tp-link-16-puertos-10-100-mbps\/","title":{"rendered":"SWITCH TP LINK 16 PUERTOS 10\/100 MBPS"},"content":{"rendered":"<p>TL-SF1016DSwitch de 16 puertos a 10\/100Mbps de escritorio16 puertos RJ4510\/100 Mbps Auto-Negociaci\u00f3n, compatible con Auto MDI \/ MDIXTecnolog\u00eda Green Ethernet ahorra la energ\u00eda hasta un 70%IEEE 802.3x control de flujo proporciona una transferencia de datos fiablesCaja de pl\u00e1stico, dise\u00f1o de montaje de escritorio o en paredPlug and play, sin necesidad de configuraci\u00f3n<\/p>\n","protected":false},"excerpt":{"rendered":"<p><strong>Marca:<\/strong> TP LINK<\/p>\n","protected":false},"featured_media":34818,"template":"","meta":[],"product_brand":[],"product_cat":[155,158],"product_tag":[],"class_list":{"0":"post-34817","1":"product","2":"type-product","3":"status-publish","4":"has-post-thumbnail","6":"product_cat-msn","7":"product_cat-tp-link","9":"first","10":"onbackorder","11":"shipping-taxable","12":"purchasable","13":"product-type-simple"},"_links":{"self":[{"href":"https:\/\/saltacom.com\/index.php\/wp-json\/wp\/v2\/product\/34817","targetHints":{"allow":["GET"]}}],"collection":[{"href":"https:\/\/saltacom.com\/index.php\/wp-json\/wp\/v2\/product"}],"about":[{"href":"https:\/\/saltacom.com\/index.php\/wp-json\/wp\/v2\/types\/product"}],"version-history":[{"count":0,"href":"https:\/\/saltacom.com\/index.php\/wp-json\/wp\/v2\/product\/34817\/revisions"}],"wp:featuredmedia":[{"embeddable":true,"href":"https:\/\/saltacom.com\/index.php\/wp-json\/wp\/v2\/media\/34818"}],"wp:attachment":[{"href":"https:\/\/saltacom.com\/index.php\/wp-json\/wp\/v2\/media?parent=34817"}],"wp:term":[{"taxonomy":"product_brand","embeddable":true,"href":"https:\/\/saltacom.com\/index.php\/wp-json\/wp\/v2\/product_brand?post=34817"},{"taxonomy":"product_cat","embeddable":true,"href":"https:\/\/saltacom.com\/index.php\/wp-json\/wp\/v2\/product_cat?post=34817"},{"taxonomy":"product_tag","embeddable":true,"href":"https:\/\/saltacom.com\/index.php\/wp-json\/wp\/v2\/product_tag?post=34817"}],"curies":[{"name":"wp","href":"https:\/\/api.w.org\/{rel}","templated":true}]}}