{"id":34819,"date":"2026-04-05T10:39:47","date_gmt":"2026-04-05T13:39:47","guid":{"rendered":"https:\/\/saltacom.com\/index.php\/producto\/switch-tp-link-24-puertos-10-100-mbps\/"},"modified":"2026-04-06T01:15:39","modified_gmt":"2026-04-06T04:15:39","slug":"switch-tp-link-24-puertos-10-100-mbps","status":"publish","type":"product","link":"https:\/\/saltacom.com\/index.php\/producto\/switch-tp-link-24-puertos-10-100-mbps\/","title":{"rendered":"SWITCH TP LINK 24 PUERTOS 10\/100 MBPS"},"content":{"rendered":"<p>TL-SF1024DSwitch De 24 puertos Fast Ethernet de escritorio y para montaje en rack24 puertos RJ45 de 10\/100M.La tecnolog\u00eda innovadora de eficiencia energ\u00e9tica ahorra energ\u00eda de hasta del 75%Soporta el auto-aprendizaje de direcciones MAC y auto MDI\/MDIX.Cubierta de acero de 13 pulgadas est\u00e1ndar.<\/p>\n","protected":false},"excerpt":{"rendered":"<p><strong>Marca:<\/strong> TP LINK<\/p>\n","protected":false},"featured_media":34820,"template":"","meta":[],"product_brand":[],"product_cat":[155,158],"product_tag":[],"class_list":{"0":"post-34819","1":"product","2":"type-product","3":"status-publish","4":"has-post-thumbnail","6":"product_cat-msn","7":"product_cat-tp-link","9":"first","10":"onbackorder","11":"shipping-taxable","12":"purchasable","13":"product-type-simple"},"_links":{"self":[{"href":"https:\/\/saltacom.com\/index.php\/wp-json\/wp\/v2\/product\/34819","targetHints":{"allow":["GET"]}}],"collection":[{"href":"https:\/\/saltacom.com\/index.php\/wp-json\/wp\/v2\/product"}],"about":[{"href":"https:\/\/saltacom.com\/index.php\/wp-json\/wp\/v2\/types\/product"}],"version-history":[{"count":0,"href":"https:\/\/saltacom.com\/index.php\/wp-json\/wp\/v2\/product\/34819\/revisions"}],"wp:featuredmedia":[{"embeddable":true,"href":"https:\/\/saltacom.com\/index.php\/wp-json\/wp\/v2\/media\/34820"}],"wp:attachment":[{"href":"https:\/\/saltacom.com\/index.php\/wp-json\/wp\/v2\/media?parent=34819"}],"wp:term":[{"taxonomy":"product_brand","embeddable":true,"href":"https:\/\/saltacom.com\/index.php\/wp-json\/wp\/v2\/product_brand?post=34819"},{"taxonomy":"product_cat","embeddable":true,"href":"https:\/\/saltacom.com\/index.php\/wp-json\/wp\/v2\/product_cat?post=34819"},{"taxonomy":"product_tag","embeddable":true,"href":"https:\/\/saltacom.com\/index.php\/wp-json\/wp\/v2\/product_tag?post=34819"}],"curies":[{"name":"wp","href":"https:\/\/api.w.org\/{rel}","templated":true}]}}