{"id":34823,"date":"2026-04-05T10:39:50","date_gmt":"2026-04-05T13:39:50","guid":{"rendered":"https:\/\/saltacom.com\/index.php\/producto\/switch-tp-link-8-puertos-gigabit-4-poe-4-no-poe\/"},"modified":"2026-04-06T01:15:39","modified_gmt":"2026-04-06T04:15:39","slug":"switch-tp-link-8-puertos-gigabit-4-poe-4-no-poe","status":"publish","type":"product","link":"https:\/\/saltacom.com\/index.php\/producto\/switch-tp-link-8-puertos-gigabit-4-poe-4-no-poe\/","title":{"rendered":"SWITCH TP LINK 8 PUERTOS GIGABIT 4 POE \/ 4 NO POE"},"content":{"rendered":"<p>TL-SG1008PSwitch de escritorio Gigabit de 8 puertos con PoE+ de 4 puertos8 Puertos 10\/100\/1000 Mbps RJ45.4 Puertos PoE+ transfieren datos y energ\u00eda a trav\u00e9s de cables individuales.Compatible con dispositivos PD que cumplen con IEEE 802.3af\/at.Plug and Play, no se requiere configuraci\u00f3n ni instalaci\u00f3n.QoS 802.1p\/DSCP para un tr\u00e1fico fluido y sensible a la latencia.Admite potencia PoE de hasta 30 W para cada puerto PoE.Admite potencia PoE de hasta 64 W para todos los puertos PoE*.Hasta 250 m de alcance de transmisi\u00f3n de datos y energ\u00eda en el Modo de Extensi\u00f3n**La Recuperaci\u00f3n Autom\u00e1tica de PoE garantiza la operaci\u00f3n estable de los dispositivos PoE al reiniciar autom\u00e1ticamente los dispositivos PD que se desconecten o no respondan.<\/p>\n","protected":false},"excerpt":{"rendered":"<p><strong>Marca:<\/strong> TP LINK<\/p>\n","protected":false},"featured_media":34824,"template":"","meta":[],"product_brand":[],"product_cat":[155,158],"product_tag":[],"class_list":{"0":"post-34823","1":"product","2":"type-product","3":"status-publish","4":"has-post-thumbnail","6":"product_cat-msn","7":"product_cat-tp-link","9":"first","10":"onbackorder","11":"shipping-taxable","12":"purchasable","13":"product-type-simple"},"_links":{"self":[{"href":"https:\/\/saltacom.com\/index.php\/wp-json\/wp\/v2\/product\/34823","targetHints":{"allow":["GET"]}}],"collection":[{"href":"https:\/\/saltacom.com\/index.php\/wp-json\/wp\/v2\/product"}],"about":[{"href":"https:\/\/saltacom.com\/index.php\/wp-json\/wp\/v2\/types\/product"}],"version-history":[{"count":0,"href":"https:\/\/saltacom.com\/index.php\/wp-json\/wp\/v2\/product\/34823\/revisions"}],"wp:featuredmedia":[{"embeddable":true,"href":"https:\/\/saltacom.com\/index.php\/wp-json\/wp\/v2\/media\/34824"}],"wp:attachment":[{"href":"https:\/\/saltacom.com\/index.php\/wp-json\/wp\/v2\/media?parent=34823"}],"wp:term":[{"taxonomy":"product_brand","embeddable":true,"href":"https:\/\/saltacom.com\/index.php\/wp-json\/wp\/v2\/product_brand?post=34823"},{"taxonomy":"product_cat","embeddable":true,"href":"https:\/\/saltacom.com\/index.php\/wp-json\/wp\/v2\/product_cat?post=34823"},{"taxonomy":"product_tag","embeddable":true,"href":"https:\/\/saltacom.com\/index.php\/wp-json\/wp\/v2\/product_tag?post=34823"}],"curies":[{"name":"wp","href":"https:\/\/api.w.org\/{rel}","templated":true}]}}