{"id":34829,"date":"2026-04-05T10:39:54","date_gmt":"2026-04-05T13:39:54","guid":{"rendered":"https:\/\/saltacom.com\/index.php\/producto\/switch-tp-link-48-puertos-10-100-1000\/"},"modified":"2026-04-06T01:15:39","modified_gmt":"2026-04-06T04:15:39","slug":"switch-tp-link-48-puertos-10-100-1000","status":"publish","type":"product","link":"https:\/\/saltacom.com\/index.php\/producto\/switch-tp-link-48-puertos-10-100-1000\/","title":{"rendered":"SWITCH TP LINK 48 PUERTOS 10\/100\/1000"},"content":{"rendered":"<p>TL-SF1005DSwitch para montaje en rack Gigabit de 48 puertos48 puertos RJ45 de 10\/100\/1000 MbpsLa tecnolog\u00eda innovadora de eficiencia energ\u00e9tica ahorra consumo de energ\u00edaAdmite autoaprendizaje de direcciones MAC y MDI \/ MDIX autom\u00e1ticoCaja de acero est\u00e1ndar para montaje en rack de 19 pulgadas<\/p>\n","protected":false},"excerpt":{"rendered":"<p><strong>Marca:<\/strong> TP LINK<\/p>\n","protected":false},"featured_media":34830,"template":"","meta":[],"product_brand":[],"product_cat":[155,158],"product_tag":[],"class_list":{"0":"post-34829","1":"product","2":"type-product","3":"status-publish","4":"has-post-thumbnail","6":"product_cat-msn","7":"product_cat-tp-link","9":"first","10":"onbackorder","11":"shipping-taxable","12":"purchasable","13":"product-type-simple"},"_links":{"self":[{"href":"https:\/\/saltacom.com\/index.php\/wp-json\/wp\/v2\/product\/34829","targetHints":{"allow":["GET"]}}],"collection":[{"href":"https:\/\/saltacom.com\/index.php\/wp-json\/wp\/v2\/product"}],"about":[{"href":"https:\/\/saltacom.com\/index.php\/wp-json\/wp\/v2\/types\/product"}],"version-history":[{"count":0,"href":"https:\/\/saltacom.com\/index.php\/wp-json\/wp\/v2\/product\/34829\/revisions"}],"wp:featuredmedia":[{"embeddable":true,"href":"https:\/\/saltacom.com\/index.php\/wp-json\/wp\/v2\/media\/34830"}],"wp:attachment":[{"href":"https:\/\/saltacom.com\/index.php\/wp-json\/wp\/v2\/media?parent=34829"}],"wp:term":[{"taxonomy":"product_brand","embeddable":true,"href":"https:\/\/saltacom.com\/index.php\/wp-json\/wp\/v2\/product_brand?post=34829"},{"taxonomy":"product_cat","embeddable":true,"href":"https:\/\/saltacom.com\/index.php\/wp-json\/wp\/v2\/product_cat?post=34829"},{"taxonomy":"product_tag","embeddable":true,"href":"https:\/\/saltacom.com\/index.php\/wp-json\/wp\/v2\/product_tag?post=34829"}],"curies":[{"name":"wp","href":"https:\/\/api.w.org\/{rel}","templated":true}]}}