{"id":34831,"date":"2026-04-05T10:39:55","date_gmt":"2026-04-05T13:39:55","guid":{"rendered":"https:\/\/saltacom.com\/index.php\/producto\/switch-tp-link-5-puertos-10-100-1000-mbps-bajo-consumo\/"},"modified":"2026-04-06T01:15:39","modified_gmt":"2026-04-06T04:15:39","slug":"switch-tp-link-5-puertos-10-100-1000-mbps-bajo-consumo","status":"publish","type":"product","link":"https:\/\/saltacom.com\/index.php\/producto\/switch-tp-link-5-puertos-10-100-1000-mbps-bajo-consumo\/","title":{"rendered":"SWITCH TP LINK 5 PUERTOS 10\/100\/1000 MBPS BAJO CONSUMO"},"content":{"rendered":"<p>TL-SG105Switch para sobremesa con 5 puertos a 10\/100\/1000 Mbps5 puertos RJ45 de negociaci\u00f3n autom\u00e1tica a 10\/100\/1000 Mbps que admiten Auto-MDI \/ MDIXPlug and play, no se necesita configuraci\u00f3nAdmite las funciones de vigilancia 802.1p \/ DSCP QoS e IGMPCarcasa de metal duradera, opciones de montaje en escritorio \/ pared y un dise\u00f1o sin ventiladorEl control de flujo IEEE 802.3x proporciona una transferencia de datos confiableLa tecnolog\u00eda Green Ethernet reduce el consumo de energ\u00eda<\/p>\n","protected":false},"excerpt":{"rendered":"<p><strong>Marca:<\/strong> TP LINK<\/p>\n","protected":false},"featured_media":34832,"template":"","meta":[],"product_brand":[],"product_cat":[155,158],"product_tag":[],"class_list":{"0":"post-34831","1":"product","2":"type-product","3":"status-publish","4":"has-post-thumbnail","6":"product_cat-msn","7":"product_cat-tp-link","9":"first","10":"onbackorder","11":"shipping-taxable","12":"purchasable","13":"product-type-simple"},"_links":{"self":[{"href":"https:\/\/saltacom.com\/index.php\/wp-json\/wp\/v2\/product\/34831","targetHints":{"allow":["GET"]}}],"collection":[{"href":"https:\/\/saltacom.com\/index.php\/wp-json\/wp\/v2\/product"}],"about":[{"href":"https:\/\/saltacom.com\/index.php\/wp-json\/wp\/v2\/types\/product"}],"version-history":[{"count":0,"href":"https:\/\/saltacom.com\/index.php\/wp-json\/wp\/v2\/product\/34831\/revisions"}],"wp:featuredmedia":[{"embeddable":true,"href":"https:\/\/saltacom.com\/index.php\/wp-json\/wp\/v2\/media\/34832"}],"wp:attachment":[{"href":"https:\/\/saltacom.com\/index.php\/wp-json\/wp\/v2\/media?parent=34831"}],"wp:term":[{"taxonomy":"product_brand","embeddable":true,"href":"https:\/\/saltacom.com\/index.php\/wp-json\/wp\/v2\/product_brand?post=34831"},{"taxonomy":"product_cat","embeddable":true,"href":"https:\/\/saltacom.com\/index.php\/wp-json\/wp\/v2\/product_cat?post=34831"},{"taxonomy":"product_tag","embeddable":true,"href":"https:\/\/saltacom.com\/index.php\/wp-json\/wp\/v2\/product_tag?post=34831"}],"curies":[{"name":"wp","href":"https:\/\/api.w.org\/{rel}","templated":true}]}}