{"id":34833,"date":"2026-04-05T10:39:57","date_gmt":"2026-04-05T13:39:57","guid":{"rendered":"https:\/\/saltacom.com\/index.php\/producto\/switch-tp-link-8-puertos-gigabit-4-poe-4-no-poe-adm-web\/"},"modified":"2026-04-06T01:15:39","modified_gmt":"2026-04-06T04:15:39","slug":"switch-tp-link-8-puertos-gigabit-4-poe-4-no-poe-adm-web","status":"publish","type":"product","link":"https:\/\/saltacom.com\/index.php\/producto\/switch-tp-link-8-puertos-gigabit-4-poe-4-no-poe-adm-web\/","title":{"rendered":"SWITCH TP LINK 8 PUERTOS GIGABIT 4 POE\/4 NO POE ADM-WEB"},"content":{"rendered":"<p>TL-SG108PESwitch Easy Smart de 8 puertos Gigabit con 4 puertos PoE8 puertos RJ45 de 10\/100\/1000MbpsCon 4 puertos PoE que suministran un m\u00e1ximo de 15.4W por peurto, datos y alimentaci\u00f3n el\u00e9ctrica se transmiten por un \u00fanico cableSoporte PoE m\u00e1ximo de 55WProporciona funciones de supervisi\u00f3n de red, priorizaci\u00f3n de tr\u00e1fico y VLANF\u00e1cil configuraci\u00f3n de red con la conectividad plug-and-playLa interfaz de usuario basada en web y la Utilidad de configuraci\u00f3n Easy Smart simplifican la configuraci\u00f3n<\/p>\n","protected":false},"excerpt":{"rendered":"<p><strong>Marca:<\/strong> TP LINK<\/p>\n","protected":false},"featured_media":34834,"template":"","meta":[],"product_brand":[],"product_cat":[155,158],"product_tag":[],"class_list":{"0":"post-34833","1":"product","2":"type-product","3":"status-publish","4":"has-post-thumbnail","6":"product_cat-msn","7":"product_cat-tp-link","9":"first","10":"onbackorder","11":"shipping-taxable","12":"purchasable","13":"product-type-simple"},"_links":{"self":[{"href":"https:\/\/saltacom.com\/index.php\/wp-json\/wp\/v2\/product\/34833","targetHints":{"allow":["GET"]}}],"collection":[{"href":"https:\/\/saltacom.com\/index.php\/wp-json\/wp\/v2\/product"}],"about":[{"href":"https:\/\/saltacom.com\/index.php\/wp-json\/wp\/v2\/types\/product"}],"version-history":[{"count":0,"href":"https:\/\/saltacom.com\/index.php\/wp-json\/wp\/v2\/product\/34833\/revisions"}],"wp:featuredmedia":[{"embeddable":true,"href":"https:\/\/saltacom.com\/index.php\/wp-json\/wp\/v2\/media\/34834"}],"wp:attachment":[{"href":"https:\/\/saltacom.com\/index.php\/wp-json\/wp\/v2\/media?parent=34833"}],"wp:term":[{"taxonomy":"product_brand","embeddable":true,"href":"https:\/\/saltacom.com\/index.php\/wp-json\/wp\/v2\/product_brand?post=34833"},{"taxonomy":"product_cat","embeddable":true,"href":"https:\/\/saltacom.com\/index.php\/wp-json\/wp\/v2\/product_cat?post=34833"},{"taxonomy":"product_tag","embeddable":true,"href":"https:\/\/saltacom.com\/index.php\/wp-json\/wp\/v2\/product_tag?post=34833"}],"curies":[{"name":"wp","href":"https:\/\/api.w.org\/{rel}","templated":true}]}}