{"id":34839,"date":"2026-04-05T10:40:04","date_gmt":"2026-04-05T13:40:04","guid":{"rendered":"https:\/\/saltacom.com\/index.php\/producto\/switch-tp-link-16-puertos-gb-smart-2sfp\/"},"modified":"2026-04-07T01:15:46","modified_gmt":"2026-04-07T04:15:46","slug":"switch-tp-link-16-puertos-gb-smart-2sfp","status":"publish","type":"product","link":"https:\/\/saltacom.com\/index.php\/producto\/switch-tp-link-16-puertos-gb-smart-2sfp\/","title":{"rendered":"SWITCH TP LINK 16 PUERTOS GB SMART 2SFP"},"content":{"rendered":"<p>TL-SG2218Switch inteligente JetStream de 16 puertos Gigabit con 2 ranuras SFPPuertos Gigabit completos: 16 puertos RJ45 gigabit y 2 ranuras SFP gigabit proporcionan conexiones de alta velocidad.Integrado en Omada SDN: aprovisionamiento sin intervenci\u00f3n (ZTP) * , administraci\u00f3n centralizada en la nube y monitoreo inteligente.Gesti\u00f3n centralizada: acceso a la nube y la aplicaci\u00f3n Omada para una m\u00e1xima comodidad y una gesti\u00f3n sencilla.Enrutamiento est\u00e1tico: ayuda a enrutar el tr\u00e1fico interno para un uso m\u00e1s eficiente de los recursos de la red.Estrategias de seguridad s\u00f3lidas: enlace de puerto IP-MAC, ACL, seguridad de puerto, defensa DoS, control de tormentas, indagaci\u00f3n DHCP, 802.1X, autenticaci\u00f3n Radius y m\u00e1s.Optimice las aplicaciones de voz y video: QoS L2 \/ L3 \/ L4 e IGMP snooping.Administraci\u00f3n independiente: Web, CLI (Telnet, SSH), SNMP, RMON e Imagen dual brindan potentes capacidades de administraci\u00f3n<\/p>\n","protected":false},"excerpt":{"rendered":"<p><strong>Marca:<\/strong> TP LINK<\/p>\n","protected":false},"featured_media":34840,"template":"","meta":[],"product_brand":[],"product_cat":[155,158],"product_tag":[],"class_list":{"0":"post-34839","1":"product","2":"type-product","3":"status-publish","4":"has-post-thumbnail","6":"product_cat-msn","7":"product_cat-tp-link","9":"first","10":"onbackorder","11":"shipping-taxable","12":"purchasable","13":"product-type-simple"},"_links":{"self":[{"href":"https:\/\/saltacom.com\/index.php\/wp-json\/wp\/v2\/product\/34839","targetHints":{"allow":["GET"]}}],"collection":[{"href":"https:\/\/saltacom.com\/index.php\/wp-json\/wp\/v2\/product"}],"about":[{"href":"https:\/\/saltacom.com\/index.php\/wp-json\/wp\/v2\/types\/product"}],"version-history":[{"count":0,"href":"https:\/\/saltacom.com\/index.php\/wp-json\/wp\/v2\/product\/34839\/revisions"}],"wp:featuredmedia":[{"embeddable":true,"href":"https:\/\/saltacom.com\/index.php\/wp-json\/wp\/v2\/media\/34840"}],"wp:attachment":[{"href":"https:\/\/saltacom.com\/index.php\/wp-json\/wp\/v2\/media?parent=34839"}],"wp:term":[{"taxonomy":"product_brand","embeddable":true,"href":"https:\/\/saltacom.com\/index.php\/wp-json\/wp\/v2\/product_brand?post=34839"},{"taxonomy":"product_cat","embeddable":true,"href":"https:\/\/saltacom.com\/index.php\/wp-json\/wp\/v2\/product_cat?post=34839"},{"taxonomy":"product_tag","embeddable":true,"href":"https:\/\/saltacom.com\/index.php\/wp-json\/wp\/v2\/product_tag?post=34839"}],"curies":[{"name":"wp","href":"https:\/\/api.w.org\/{rel}","templated":true}]}}