{"id":34845,"date":"2026-04-05T10:40:07","date_gmt":"2026-04-05T13:40:07","guid":{"rendered":"https:\/\/saltacom.com\/index.php\/producto\/switch-tp-link-48-puertos-gigabit-l2-adminis-4sfp-poe\/"},"modified":"2026-04-07T01:15:46","modified_gmt":"2026-04-07T04:15:46","slug":"switch-tp-link-48-puertos-gigabit-l2-adminis-4sfp-poe","status":"publish","type":"product","link":"https:\/\/saltacom.com\/index.php\/producto\/switch-tp-link-48-puertos-gigabit-l2-adminis-4sfp-poe\/","title":{"rendered":"SWITCH TP LINK 48 PUERTOS GIGABIT L2 ADMINIS. 4SFP POE+"},"content":{"rendered":"<p>TL-SG3452PSwitch administrado JetStream de 52 puertos Gigabit L2+ con 48 puertos PoE+Presupuesto de 384 W PoE : 48 puertos PoE + compatibles con 802.3at \/ af con una fuente de alimentaci\u00f3n total de 384 W * .Puertos Gigabit completos : 48 puertos RJ45 gigabit y 4 ranuras SFP gigabit proporcionan conexiones de alta velocidad.Integrado en Omada SDN : aprovisionamiento sin intervenci\u00f3n (ZTP) ** , administraci\u00f3n centralizada en la nube y monitoreo inteligente.Gesti\u00f3n centralizada : acceso a la nube y la aplicaci\u00f3n Omada para una m\u00e1xima comodidad y una gesti\u00f3n sencilla.Enrutamiento est\u00e1tico : ayuda a enrutar el tr\u00e1fico interno para un uso m\u00e1s eficiente de los recursos de la red.Estrategias de seguridad s\u00f3lidas : enlace de puerto IP-MAC, ACL, seguridad de puerto, defensa DoS, control de tormentas, indagaci\u00f3n DHCP, 802.1X, autenticaci\u00f3n Radius y m\u00e1s.Optimice las aplicaciones de voz y video : QoS L2 \/ L3 \/ L4 e IGMP snooping.Administraci\u00f3n independiente : Web, CLI (puerto de consola, Telnet, SSH), SNMP, RMON e imagen dual brindan potentes capacidades de administraci\u00f3n.<\/p>\n","protected":false},"excerpt":{"rendered":"<p><strong>Marca:<\/strong> TP LINK<\/p>\n","protected":false},"featured_media":34846,"template":"","meta":[],"product_brand":[],"product_cat":[155,158],"product_tag":[],"class_list":{"0":"post-34845","1":"product","2":"type-product","3":"status-publish","4":"has-post-thumbnail","6":"product_cat-msn","7":"product_cat-tp-link","9":"first","10":"onbackorder","11":"shipping-taxable","12":"purchasable","13":"product-type-simple"},"_links":{"self":[{"href":"https:\/\/saltacom.com\/index.php\/wp-json\/wp\/v2\/product\/34845","targetHints":{"allow":["GET"]}}],"collection":[{"href":"https:\/\/saltacom.com\/index.php\/wp-json\/wp\/v2\/product"}],"about":[{"href":"https:\/\/saltacom.com\/index.php\/wp-json\/wp\/v2\/types\/product"}],"version-history":[{"count":0,"href":"https:\/\/saltacom.com\/index.php\/wp-json\/wp\/v2\/product\/34845\/revisions"}],"wp:featuredmedia":[{"embeddable":true,"href":"https:\/\/saltacom.com\/index.php\/wp-json\/wp\/v2\/media\/34846"}],"wp:attachment":[{"href":"https:\/\/saltacom.com\/index.php\/wp-json\/wp\/v2\/media?parent=34845"}],"wp:term":[{"taxonomy":"product_brand","embeddable":true,"href":"https:\/\/saltacom.com\/index.php\/wp-json\/wp\/v2\/product_brand?post=34845"},{"taxonomy":"product_cat","embeddable":true,"href":"https:\/\/saltacom.com\/index.php\/wp-json\/wp\/v2\/product_cat?post=34845"},{"taxonomy":"product_tag","embeddable":true,"href":"https:\/\/saltacom.com\/index.php\/wp-json\/wp\/v2\/product_tag?post=34845"}],"curies":[{"name":"wp","href":"https:\/\/api.w.org\/{rel}","templated":true}]}}