{"id":34847,"date":"2026-04-05T10:40:09","date_gmt":"2026-04-05T13:40:09","guid":{"rendered":"https:\/\/saltacom.com\/index.php\/producto\/switch-tp-link-48-puertos-gigabit-l2-adm-4sfp-10gb-poe\/"},"modified":"2026-04-07T01:15:46","modified_gmt":"2026-04-07T04:15:46","slug":"switch-tp-link-48-puertos-gigabit-l2-adm-4sfp-10gb-poe","status":"publish","type":"product","link":"https:\/\/saltacom.com\/index.php\/producto\/switch-tp-link-48-puertos-gigabit-l2-adm-4sfp-10gb-poe\/","title":{"rendered":"SWITCH TP LINK 48 PUERTOS GIGABIT L2 ADM 4SFP 10GB POE+"},"content":{"rendered":"<p>TL-SG3452XPConmutador administrado JetStream de 48 puertos Gigabit y 4 puertos 10GE SFP+ L2+ con 48 puertos PoE+Enlace ascendente 10G ultrarr\u00e1pido: disfrute de conectividad de gran ancho de banda y capacidad de conmutaci\u00f3n sin bloqueo con cuatro ranuras SFP+ de 10 Gbps.Salida PoE+ con presupuesto de energ\u00eda de 500 W: dise\u00f1e la red \u00f3ptima con 48 puertos gigabit 802.3af\/at PoE+.*Gesti\u00f3n centralizada de la nube: se integra en Omada SDN para el acceso a la nube y la gesti\u00f3n remota.Abundantes funciones L2 y L2+: Admite una l\u00ednea completa de funciones L2 y L2+, incluido el enrutamiento est\u00e1tico, QoS de nivel empresarial e IGMP Snooping.Estrategias de seguridad robustas: ayuda a proteger la inversi\u00f3n en el \u00e1rea LAN con IP-MAC-Port Binding, ACL, Port Security y autenticaci\u00f3n 802.1X integrados.Administraci\u00f3n independiente: Web, CLI (Puerto de consola, Telnet, SSH), SNMP, RMON y Dual Image brindan potentes capacidades de administraci\u00f3n.<\/p>\n","protected":false},"excerpt":{"rendered":"<p><strong>Marca:<\/strong> TP LINK<\/p>\n","protected":false},"featured_media":34848,"template":"","meta":[],"product_brand":[],"product_cat":[155,158],"product_tag":[],"class_list":{"0":"post-34847","1":"product","2":"type-product","3":"status-publish","4":"has-post-thumbnail","6":"product_cat-msn","7":"product_cat-tp-link","9":"first","10":"onbackorder","11":"shipping-taxable","12":"purchasable","13":"product-type-simple"},"_links":{"self":[{"href":"https:\/\/saltacom.com\/index.php\/wp-json\/wp\/v2\/product\/34847","targetHints":{"allow":["GET"]}}],"collection":[{"href":"https:\/\/saltacom.com\/index.php\/wp-json\/wp\/v2\/product"}],"about":[{"href":"https:\/\/saltacom.com\/index.php\/wp-json\/wp\/v2\/types\/product"}],"version-history":[{"count":0,"href":"https:\/\/saltacom.com\/index.php\/wp-json\/wp\/v2\/product\/34847\/revisions"}],"wp:featuredmedia":[{"embeddable":true,"href":"https:\/\/saltacom.com\/index.php\/wp-json\/wp\/v2\/media\/34848"}],"wp:attachment":[{"href":"https:\/\/saltacom.com\/index.php\/wp-json\/wp\/v2\/media?parent=34847"}],"wp:term":[{"taxonomy":"product_brand","embeddable":true,"href":"https:\/\/saltacom.com\/index.php\/wp-json\/wp\/v2\/product_brand?post=34847"},{"taxonomy":"product_cat","embeddable":true,"href":"https:\/\/saltacom.com\/index.php\/wp-json\/wp\/v2\/product_cat?post=34847"},{"taxonomy":"product_tag","embeddable":true,"href":"https:\/\/saltacom.com\/index.php\/wp-json\/wp\/v2\/product_tag?post=34847"}],"curies":[{"name":"wp","href":"https:\/\/api.w.org\/{rel}","templated":true}]}}