{"id":34849,"date":"2026-04-05T10:40:10","date_gmt":"2026-04-05T13:40:10","guid":{"rendered":"https:\/\/saltacom.com\/index.php\/producto\/tp-link-extensor-de-rango-wifi-300mb\/"},"modified":"2026-04-06T01:15:40","modified_gmt":"2026-04-06T04:15:40","slug":"tp-link-extensor-de-rango-wifi-300mb","status":"publish","type":"product","link":"https:\/\/saltacom.com\/index.php\/producto\/tp-link-extensor-de-rango-wifi-300mb\/","title":{"rendered":"TP LINK EXTENSOR DE RANGO WIFI 300MB"},"content":{"rendered":"<p>El modo de Extensor de Rango mejora la se\u00f1al inal\u00e1mbrica a \u00e1reas anteriormente inalcanzables o dif\u00edciles de cablear a la perfecci\u00f3nEl Dise\u00f1o en Miniatura y montado en la pared lo hace f\u00e1cil de usar y de mover de una manera m\u00e1s flexibleExpande f\u00e1cilmente la cobertura inal\u00e1mbrica con s\u00f3lo presionar el bot\u00f3n de Extensor de RangoEl puerto Ethernet permite que el Extensor funcione como un adaptador inal\u00e1mbrico para conectar los dispositivos cableadosCAJA X 20u<\/p>\n","protected":false},"excerpt":{"rendered":"<p><strong>Marca:<\/strong> TP LINK<\/p>\n","protected":false},"featured_media":34850,"template":"","meta":[],"product_brand":[],"product_cat":[155,158],"product_tag":[],"class_list":{"0":"post-34849","1":"product","2":"type-product","3":"status-publish","4":"has-post-thumbnail","6":"product_cat-msn","7":"product_cat-tp-link","9":"first","10":"onbackorder","11":"shipping-taxable","12":"purchasable","13":"product-type-simple"},"_links":{"self":[{"href":"https:\/\/saltacom.com\/index.php\/wp-json\/wp\/v2\/product\/34849","targetHints":{"allow":["GET"]}}],"collection":[{"href":"https:\/\/saltacom.com\/index.php\/wp-json\/wp\/v2\/product"}],"about":[{"href":"https:\/\/saltacom.com\/index.php\/wp-json\/wp\/v2\/types\/product"}],"version-history":[{"count":0,"href":"https:\/\/saltacom.com\/index.php\/wp-json\/wp\/v2\/product\/34849\/revisions"}],"wp:featuredmedia":[{"embeddable":true,"href":"https:\/\/saltacom.com\/index.php\/wp-json\/wp\/v2\/media\/34850"}],"wp:attachment":[{"href":"https:\/\/saltacom.com\/index.php\/wp-json\/wp\/v2\/media?parent=34849"}],"wp:term":[{"taxonomy":"product_brand","embeddable":true,"href":"https:\/\/saltacom.com\/index.php\/wp-json\/wp\/v2\/product_brand?post=34849"},{"taxonomy":"product_cat","embeddable":true,"href":"https:\/\/saltacom.com\/index.php\/wp-json\/wp\/v2\/product_cat?post=34849"},{"taxonomy":"product_tag","embeddable":true,"href":"https:\/\/saltacom.com\/index.php\/wp-json\/wp\/v2\/product_tag?post=34849"}],"curies":[{"name":"wp","href":"https:\/\/api.w.org\/{rel}","templated":true}]}}