{"id":34859,"date":"2026-04-05T10:40:18","date_gmt":"2026-04-05T13:40:18","guid":{"rendered":"https:\/\/saltacom.com\/index.php\/producto\/placa-red-tp-link-adaptador-inalambrico-n-pci-express-300\/"},"modified":"2026-04-07T01:15:47","modified_gmt":"2026-04-07T04:15:47","slug":"placa-red-tp-link-adaptador-inalambrico-n-pci-express-300","status":"publish","type":"product","link":"https:\/\/saltacom.com\/index.php\/producto\/placa-red-tp-link-adaptador-inalambrico-n-pci-express-300\/","title":{"rendered":"PLACA RED TP LINK ADAPTADOR INALAMBRICO N PCI EXPRESS 300"},"content":{"rendered":"<p>La velocidad inal\u00e1mbrica N de hasta 300 Mbps lo hace ideal para transmisi\u00f3n de video, juegos en l\u00ednea y llamadas por Internet.Tecnolog\u00eda MIMO con mayor potencia de penetraci\u00f3n de la se\u00f1al, una cobertura inal\u00e1mbrica m\u00e1s amplia, que proporciona un mejor rendimiento y estabilidad.Configura f\u00e1cilmente un enlace inal\u00e1mbrico altamente seguro con WPS \u2122 (Configuraci\u00f3n protegida de Wi-Fi).<\/p>\n","protected":false},"excerpt":{"rendered":"<p><strong>Marca:<\/strong> TP LINK<\/p>\n","protected":false},"featured_media":34860,"template":"","meta":[],"product_brand":[],"product_cat":[155,158],"product_tag":[],"class_list":{"0":"post-34859","1":"product","2":"type-product","3":"status-publish","4":"has-post-thumbnail","6":"product_cat-msn","7":"product_cat-tp-link","9":"first","10":"onbackorder","11":"shipping-taxable","12":"purchasable","13":"product-type-simple"},"_links":{"self":[{"href":"https:\/\/saltacom.com\/index.php\/wp-json\/wp\/v2\/product\/34859","targetHints":{"allow":["GET"]}}],"collection":[{"href":"https:\/\/saltacom.com\/index.php\/wp-json\/wp\/v2\/product"}],"about":[{"href":"https:\/\/saltacom.com\/index.php\/wp-json\/wp\/v2\/types\/product"}],"version-history":[{"count":0,"href":"https:\/\/saltacom.com\/index.php\/wp-json\/wp\/v2\/product\/34859\/revisions"}],"wp:featuredmedia":[{"embeddable":true,"href":"https:\/\/saltacom.com\/index.php\/wp-json\/wp\/v2\/media\/34860"}],"wp:attachment":[{"href":"https:\/\/saltacom.com\/index.php\/wp-json\/wp\/v2\/media?parent=34859"}],"wp:term":[{"taxonomy":"product_brand","embeddable":true,"href":"https:\/\/saltacom.com\/index.php\/wp-json\/wp\/v2\/product_brand?post=34859"},{"taxonomy":"product_cat","embeddable":true,"href":"https:\/\/saltacom.com\/index.php\/wp-json\/wp\/v2\/product_cat?post=34859"},{"taxonomy":"product_tag","embeddable":true,"href":"https:\/\/saltacom.com\/index.php\/wp-json\/wp\/v2\/product_tag?post=34859"}],"curies":[{"name":"wp","href":"https:\/\/api.w.org\/{rel}","templated":true}]}}