{"id":34865,"date":"2026-04-05T10:40:22","date_gmt":"2026-04-05T13:40:22","guid":{"rendered":"https:\/\/saltacom.com\/index.php\/producto\/tp-link-router-wifi-300mbps-high-power-2ant\/"},"modified":"2026-04-06T01:15:40","modified_gmt":"2026-04-06T04:15:40","slug":"tp-link-router-wifi-300mbps-high-power-2ant","status":"publish","type":"product","link":"https:\/\/saltacom.com\/index.php\/producto\/tp-link-router-wifi-300mbps-high-power-2ant\/","title":{"rendered":"TP LINK ROUTER WIFI 300MBPS HIGH POWER (2ANT)"},"content":{"rendered":"<p>Rango superior: los amplificadores de alta potencia y las antenas de alta ganancia brindan un rango inal\u00e1mbrico mejorado de hasta 929mtrs.cuadrados.Wi-Fi que penetra en las paredes: la se\u00f1al de Wi-Fi mejorada atraviesa paredes y obst\u00e1culos, eliminando las zonas muertasFuncionalidad de 3 modos: ofrece tres modos inal\u00e1mbricos, que incluyen enrutador, extensor de rango y punto de accesoVelocidad inal\u00e1mbrica de 300 Mbps: ideal para transmisi\u00f3n de video, juegos en l\u00ednea y VoIP<\/p>\n","protected":false},"excerpt":{"rendered":"<p><strong>Marca:<\/strong> TP LINK<\/p>\n","protected":false},"featured_media":34866,"template":"","meta":[],"product_brand":[],"product_cat":[155,158],"product_tag":[],"class_list":{"0":"post-34865","1":"product","2":"type-product","3":"status-publish","4":"has-post-thumbnail","6":"product_cat-msn","7":"product_cat-tp-link","9":"first","10":"onbackorder","11":"shipping-taxable","12":"purchasable","13":"product-type-simple"},"_links":{"self":[{"href":"https:\/\/saltacom.com\/index.php\/wp-json\/wp\/v2\/product\/34865","targetHints":{"allow":["GET"]}}],"collection":[{"href":"https:\/\/saltacom.com\/index.php\/wp-json\/wp\/v2\/product"}],"about":[{"href":"https:\/\/saltacom.com\/index.php\/wp-json\/wp\/v2\/types\/product"}],"version-history":[{"count":0,"href":"https:\/\/saltacom.com\/index.php\/wp-json\/wp\/v2\/product\/34865\/revisions"}],"wp:featuredmedia":[{"embeddable":true,"href":"https:\/\/saltacom.com\/index.php\/wp-json\/wp\/v2\/media\/34866"}],"wp:attachment":[{"href":"https:\/\/saltacom.com\/index.php\/wp-json\/wp\/v2\/media?parent=34865"}],"wp:term":[{"taxonomy":"product_brand","embeddable":true,"href":"https:\/\/saltacom.com\/index.php\/wp-json\/wp\/v2\/product_brand?post=34865"},{"taxonomy":"product_cat","embeddable":true,"href":"https:\/\/saltacom.com\/index.php\/wp-json\/wp\/v2\/product_cat?post=34865"},{"taxonomy":"product_tag","embeddable":true,"href":"https:\/\/saltacom.com\/index.php\/wp-json\/wp\/v2\/product_tag?post=34865"}],"curies":[{"name":"wp","href":"https:\/\/api.w.org\/{rel}","templated":true}]}}