{"id":34867,"date":"2026-04-05T10:40:23","date_gmt":"2026-04-05T13:40:23","guid":{"rendered":"https:\/\/saltacom.com\/index.php\/producto\/tp-link-router-wifi-300mbps-agile-config-2ant\/"},"modified":"2026-04-06T01:15:40","modified_gmt":"2026-04-06T04:15:40","slug":"tp-link-router-wifi-300mbps-agile-config-2ant","status":"publish","type":"product","link":"https:\/\/saltacom.com\/index.php\/producto\/tp-link-router-wifi-300mbps-agile-config-2ant\/","title":{"rendered":"TP LINK ROUTER WIFI 300MBPS AGILE CONFIG (2ANT)"},"content":{"rendered":"<p>Velocidad inal\u00e1mbrica de 300Mbps, ideal tanto para tareas sensibles a ancho de banda como tareas habitualesSoporte configuraci\u00f3n Agile &#8211; Habilita a los ISPs personalizar por cuenta propia su configuraci\u00f3n espec\u00edfica, y que \u00e9sta no se pierdaGesti\u00f3n remota sencilla, gracias al protocolo TR-069, habilitando al operador la configuraci\u00f3n y gesti\u00f3n remota de los dispositivos del usuario finalControl Parental &#8211; gestiona cu\u00e1ndo y como acceden a Internet los dispositivos clientesSoporte IPTV, IGMP Proxy\/Snooping optimizando la transmisi\u00f3n IPTVCAJA X 20uCompatible con IPv6 (Internet Protocol version 6)Multi-SSIDAGILE &#8211; Configuraci\u00f3n de operador simpre activa &#8211; RESET DESACTIVADO<\/p>\n","protected":false},"excerpt":{"rendered":"<p><strong>Marca:<\/strong> TP LINK<\/p>\n","protected":false},"featured_media":34868,"template":"","meta":[],"product_brand":[],"product_cat":[155,158],"product_tag":[],"class_list":{"0":"post-34867","1":"product","2":"type-product","3":"status-publish","4":"has-post-thumbnail","6":"product_cat-msn","7":"product_cat-tp-link","9":"first","10":"onbackorder","11":"shipping-taxable","12":"purchasable","13":"product-type-simple"},"_links":{"self":[{"href":"https:\/\/saltacom.com\/index.php\/wp-json\/wp\/v2\/product\/34867","targetHints":{"allow":["GET"]}}],"collection":[{"href":"https:\/\/saltacom.com\/index.php\/wp-json\/wp\/v2\/product"}],"about":[{"href":"https:\/\/saltacom.com\/index.php\/wp-json\/wp\/v2\/types\/product"}],"version-history":[{"count":0,"href":"https:\/\/saltacom.com\/index.php\/wp-json\/wp\/v2\/product\/34867\/revisions"}],"wp:featuredmedia":[{"embeddable":true,"href":"https:\/\/saltacom.com\/index.php\/wp-json\/wp\/v2\/media\/34868"}],"wp:attachment":[{"href":"https:\/\/saltacom.com\/index.php\/wp-json\/wp\/v2\/media?parent=34867"}],"wp:term":[{"taxonomy":"product_brand","embeddable":true,"href":"https:\/\/saltacom.com\/index.php\/wp-json\/wp\/v2\/product_brand?post=34867"},{"taxonomy":"product_cat","embeddable":true,"href":"https:\/\/saltacom.com\/index.php\/wp-json\/wp\/v2\/product_cat?post=34867"},{"taxonomy":"product_tag","embeddable":true,"href":"https:\/\/saltacom.com\/index.php\/wp-json\/wp\/v2\/product_tag?post=34867"}],"curies":[{"name":"wp","href":"https:\/\/api.w.org\/{rel}","templated":true}]}}