{"id":34869,"date":"2026-04-05T10:40:29","date_gmt":"2026-04-05T13:40:29","guid":{"rendered":"https:\/\/saltacom.com\/index.php\/producto\/placa-red-tp-link-adaptador-de-red-pci-express-10gigabit\/"},"modified":"2026-04-06T01:15:40","modified_gmt":"2026-04-06T04:15:40","slug":"placa-red-tp-link-adaptador-de-red-pci-express-10gigabit","status":"publish","type":"product","link":"https:\/\/saltacom.com\/index.php\/producto\/placa-red-tp-link-adaptador-de-red-pci-express-10gigabit\/","title":{"rendered":"PLACA RED TP LINK ADAPTADOR DE RED PCI EXPRESS 10GIGABIT"},"content":{"rendered":"<p>Adaptador de red PCI Express de 10 GigabitsRedes de 10 Gbps: combinado con la \u00faltima tecnolog\u00eda 10GBase-T, TX401 ofrece velocidades extremas de hasta 10 Gbps, que es 10 veces m\u00e1s r\u00e1pido que los adaptadores Gigabit t\u00edpicos, lo que garantiza transmisiones de datos fluidas tanto para el acceso a Internet como para las transmisiones de datos locales. \u2020Compatibilidad vers\u00e1til: con velocidad extrema y latencia ultrabaja, 10GBase-T es compatible con Fast Ethernet y Gigabit Ethernet, negociando autom\u00e1ticamente entre conexiones de mayor y menor velocidad.Cable Ethernet CAT6A: para maximizar el rendimiento del TX401, se incluye un cable Ethernet CAT6A de 1,5 m, con capacidad para hasta 10 Gbps, mientras que un cable normal solo tiene capacidad para 1 Gbps.Soportes de perfil bajo y altura completa: adem\u00e1s del soporte est\u00e1ndar, se proporciona un soporte de perfil bajo para gabinetes de computadora minitorre. Las opciones personalizadas le brindan la flexibilidad de encontrar un soporte que se adapte perfectamente al dise\u00f1o de su placa.Soporte integral del sistema: totalmente compatible con Windows 10\/8.1\/8\/7, Windows Servers 2019\/2016\/2012 R2 y Linux para satisfacer sus diversas necesidades de sistemas operativos.<\/p>\n","protected":false},"excerpt":{"rendered":"<p><strong>Marca:<\/strong> TP LINK<\/p>\n","protected":false},"featured_media":34870,"template":"","meta":[],"product_brand":[],"product_cat":[155,158],"product_tag":[],"class_list":{"0":"post-34869","1":"product","2":"type-product","3":"status-publish","4":"has-post-thumbnail","6":"product_cat-msn","7":"product_cat-tp-link","9":"first","10":"onbackorder","11":"shipping-taxable","12":"purchasable","13":"product-type-simple"},"_links":{"self":[{"href":"https:\/\/saltacom.com\/index.php\/wp-json\/wp\/v2\/product\/34869","targetHints":{"allow":["GET"]}}],"collection":[{"href":"https:\/\/saltacom.com\/index.php\/wp-json\/wp\/v2\/product"}],"about":[{"href":"https:\/\/saltacom.com\/index.php\/wp-json\/wp\/v2\/types\/product"}],"version-history":[{"count":0,"href":"https:\/\/saltacom.com\/index.php\/wp-json\/wp\/v2\/product\/34869\/revisions"}],"wp:featuredmedia":[{"embeddable":true,"href":"https:\/\/saltacom.com\/index.php\/wp-json\/wp\/v2\/media\/34870"}],"wp:attachment":[{"href":"https:\/\/saltacom.com\/index.php\/wp-json\/wp\/v2\/media?parent=34869"}],"wp:term":[{"taxonomy":"product_brand","embeddable":true,"href":"https:\/\/saltacom.com\/index.php\/wp-json\/wp\/v2\/product_brand?post=34869"},{"taxonomy":"product_cat","embeddable":true,"href":"https:\/\/saltacom.com\/index.php\/wp-json\/wp\/v2\/product_cat?post=34869"},{"taxonomy":"product_tag","embeddable":true,"href":"https:\/\/saltacom.com\/index.php\/wp-json\/wp\/v2\/product_tag?post=34869"}],"curies":[{"name":"wp","href":"https:\/\/api.w.org\/{rel}","templated":true}]}}